{"id":3866,"date":"2025-02-06T14:34:15","date_gmt":"2025-02-06T14:34:15","guid":{"rendered":"https:\/\/pekkapirkkala.fi\/?page_id=3866"},"modified":"2025-04-08T04:58:34","modified_gmt":"2025-04-08T04:58:34","slug":"3866-2","status":"publish","type":"page","link":"https:\/\/pekkapirkkala.fi\/index.php\/3866-2\/","title":{"rendered":"TEEMAT"},"content":{"rendered":"\n<style type=\"text\/css\" data-created_by=\"avia_inline_auto\" id=\"style-css-av-m6tftv0w-03cd21fb96492e66bbc18c324888daae\">\n#top .av_textblock_section.av-m6tftv0w-03cd21fb96492e66bbc18c324888daae .avia_textblock{\ncolor:#003a54;\n}\n<\/style>\n<section  class='av_textblock_section av-m6tftv0w-03cd21fb96492e66bbc18c324888daae '   itemscope=\"itemscope\" itemtype=\"https:\/\/schema.org\/CreativeWork\" ><div class='avia_textblock av_inherit_color'  itemprop=\"text\" >\n<style type=\"text\/css\" data-created_by=\"avia_inline_auto\" id=\"style-css-av-2e77y2-a3573ea04a52fab35344c6bc138759d9\">\n#top .hr.hr-invisible.av-2e77y2-a3573ea04a52fab35344c6bc138759d9{\nheight:25px;\n}\n<\/style>\n<div  class='hr av-2e77y2-a3573ea04a52fab35344c6bc138759d9 hr-invisible  avia-builder-el-1  avia-builder-el-no-sibling '><span class='hr-inner '><span class=\"hr-inner-style\"><\/span><\/span><\/div>\n<h4>Yritysten ja ty\u00f6paikkojen saaminen it\u00e4iseen Helsinkiin \u2013 erityisesti Vuosaareen<\/h4>\n<p>Vuosaaressa asuu jo yli 40 000 ihmist\u00e4, mutta alueella ei ole riitt\u00e4v\u00e4sti yrityksi\u00e4 ja ty\u00f6paikkoja. Tarvitsemme aktiivista elinkeinopolitiikkaa, joka houkuttelee yrityksi\u00e4 investoimaan ja luomaan ty\u00f6paikkoja it\u00e4iseen Helsinkiin. Vuosaaren satama, logistiikka- ja meriklusteri sek\u00e4 matkailu tarjoavat valtavia mahdollisuuksia, joita kaupunkimme tulisi hy\u00f6dynt\u00e4\u00e4 paremmin.<\/p>\n<p>Helsingin p\u00e4\u00e4tt\u00e4jien tulisi ymm\u00e4rt\u00e4\u00e4, ett\u00e4 Vuosaari tarvitsee ennen kaikkea uusia yrityksi\u00e4 ja ty\u00f6paikkoja, ei pelk\u00e4st\u00e4\u00e4n t\u00e4ydennysrakentamista. Ep\u00e4suhta etel\u00e4iseen ja l\u00e4ntiseen Helsinkiin on huomattava. Yritykset luovat elinvoimaa, hyvinvointia ja mahdollistavat laadukkaat palvelut. Helsingin kaupunki voisi maan suurimpana ty\u00f6nantajana n\u00e4ytt\u00e4\u00e4 t\u00e4ss\u00e4 esimerkki\u00e4.<\/p>\n<h4>Yritt\u00e4jyyden tukeminen Helsingiss\u00e4<\/h4>\n<p>Yritt\u00e4j\u00e4t ja pienyritykset ovat kaupungin elinvoiman syd\u00e4n. Tarvitsemme konkreettisia toimia, joilla byrokratiaa kevennet\u00e4\u00e4n ja yritysten toimintamahdollisuuksia parannetaan. Yritysmy\u00f6nteisyyden tulee n\u00e4ky\u00e4 kaikessa kaupungin toiminnassa.\u00a0Lupaprosesseja on nopeutettava, ja yritt\u00e4jille tarjottava parempia mahdollisuuksia verkostoitua ja kasvaa.<\/p>\n<p>Yritystoimintaa edist\u00e4v\u00e4n maank\u00e4yt\u00f6n ja liikenneratkaisujen tulisi olla arkip\u00e4iv\u00e4\u00e4 Helsingiss\u00e4. \u00a0On ymm\u00e4rrett\u00e4v\u00e4, ett\u00e4 yritt\u00e4v\u00e4 Helsinki on muutakin kuin keskusta ja kantakaupunki.<\/p>\n<h4>L\u00e4hiluonnon kunnioittaminen ja suojelu<\/h4>\n<p>Vuosaari on tunnettu upeasta luonnostaan, ja sen s\u00e4ilytt\u00e4minen on meille elint\u00e4rke\u00e4\u00e4. Uutelan, Mustavuoren, Ramsinniemen ja Meri-Rastilan metsien on pysytt\u00e4v\u00e4 virkistysalueina, joista asukkaat voivat nauttia nyt ja tulevaisuudessa. Kaupunkisuunnittelussa on otettava huomioon luonnon tarjoamat hyvinvointivaikutukset. Helsinki voi kasvaa, mutta sen on teht\u00e4v\u00e4 se luontoa kunnioittaen.<\/p>\n<h4>Nuorten koulutus- ja liikuntamahdollisuudet<\/h4>\n<p>Joka kymmenes helsinkil\u00e4inen nuori asuu Vuosaaressa. Heille on tarjottava laadukkaat koulutusmahdollisuudet ja monipuoliset harrastukset. Nuorten syrj\u00e4ytymisen ennaltaehk\u00e4isyyn on panostettava, ja liikunta- ja kulttuuripalvelut on turvattava. Tarvitsemme parempia resursseja kouluihin, lis\u00e4\u00e4 tukea oppimiseen ja harrastusmahdollisuuksia jokaiselle nuorelle perhetaustasta riippumatta.<\/p>\n<h4 data-pm-slice=\"1 1 &#091;&#093;\">Autot kuuluvat Helsinkiin \u2013 kaikkia liikennemuotoja kehitett\u00e4v\u00e4 rinnakkain<\/h4>\n<p data-pm-slice=\"1 1 &#091;&#093;\">Helsingin liikenteen tulee palvella kaikkia asukkaita, olipa kulkuv\u00e4lineen\u00e4 auto, py\u00f6r\u00e4, juna tai jalkak\u00e4yt\u00e4v\u00e4. Autoilijoita ja joukkoliikenteen k\u00e4ytt\u00e4ji\u00e4 ei pid\u00e4 asettaa vastakkain, vaan liikenteen kehitt\u00e4misess\u00e4 on l\u00f6ydett\u00e4v\u00e4 tasapaino, joka palvelee sujuvasti sek\u00e4 yksityisautoilijoita ett\u00e4 joukkoliikennett\u00e4 k\u00e4ytt\u00e4vi\u00e4. Helsingiss\u00e4 tulee voida liikkua vapaasti ja vaivattomasti ilman tarpeettomia rajoituksia. Me olemme yhdess\u00e4 vastuussa Helsingin keskustan elinvoimasta s\u00e4ilytt\u00e4misest\u00e4 ja kehitt\u00e4misest\u00e4.<\/p>\n<\/div><\/section>\n\n<style type=\"text\/css\" data-created_by=\"avia_inline_auto\" id=\"style-css-av-m71qta5h-d7de201717f5ef584e92e212af84bc84\">\n#top .hr.hr-invisible.av-m71qta5h-d7de201717f5ef584e92e212af84bc84{\nheight:50px;\n}\n<\/style>\n<div  class='hr av-m71qta5h-d7de201717f5ef584e92e212af84bc84 hr-invisible  avia-builder-el-2  el_after_av_textblock  el_before_av_image '><span class='hr-inner '><span class=\"hr-inner-style\"><\/span><\/span><\/div>\n\n<style type=\"text\/css\" data-created_by=\"avia_inline_auto\" id=\"style-css-av-200162-5a5483d1185d5826d0f877397983b45d\">\n.avia-image-container.av-200162-5a5483d1185d5826d0f877397983b45d img.avia_image{\nbox-shadow:none;\n}\n.avia-image-container.av-200162-5a5483d1185d5826d0f877397983b45d .av-image-caption-overlay-center{\ncolor:#ffffff;\n}\n<\/style>\n<div  class='avia-image-container av-200162-5a5483d1185d5826d0f877397983b45d av-styling- avia-align-center  avia-builder-el-3  el_after_av_hr  avia-builder-el-last '   itemprop=\"image\" itemscope=\"itemscope\" itemtype=\"https:\/\/schema.org\/ImageObject\" ><div class=\"avia-image-container-inner\"><div class=\"avia-image-overlay-wrap\"><img decoding=\"async\" fetchpriority=\"high\" class='wp-image-3548 avia-img-lazy-loading-not-3548 avia_image ' src=\"https:\/\/pekkapirkkala.fi\/wp-content\/uploads\/2024\/11\/vaaka_LOGO_sininen2023_RGB_PDF-300x41.png\" alt='' title='vaaka_LOGO_sininen2023_RGB_PDF'  height=\"41\" width=\"300\"  itemprop=\"thumbnailUrl\" srcset=\"https:\/\/pekkapirkkala.fi\/wp-content\/uploads\/2024\/11\/vaaka_LOGO_sininen2023_RGB_PDF-300x41.png 300w, https:\/\/pekkapirkkala.fi\/wp-content\/uploads\/2024\/11\/vaaka_LOGO_sininen2023_RGB_PDF-1030x141.png 1030w, https:\/\/pekkapirkkala.fi\/wp-content\/uploads\/2024\/11\/vaaka_LOGO_sininen2023_RGB_PDF-768x105.png 768w, https:\/\/pekkapirkkala.fi\/wp-content\/uploads\/2024\/11\/vaaka_LOGO_sininen2023_RGB_PDF-1536x210.png 1536w, https:\/\/pekkapirkkala.fi\/wp-content\/uploads\/2024\/11\/vaaka_LOGO_sininen2023_RGB_PDF-2048x280.png 2048w, https:\/\/pekkapirkkala.fi\/wp-content\/uploads\/2024\/11\/vaaka_LOGO_sininen2023_RGB_PDF-1500x205.png 1500w, https:\/\/pekkapirkkala.fi\/wp-content\/uploads\/2024\/11\/vaaka_LOGO_sininen2023_RGB_PDF-705x96.png 705w\" sizes=\"(max-width: 300px) 100vw, 300px\" \/><\/div><\/div><\/div>\n","protected":false},"excerpt":{"rendered":"<p>Kuntavaaliehdokas Pekka Pirkkala 309 &#8211; tutustu teemoihin!<\/p>\n","protected":false},"author":2,"featured_media":0,"parent":0,"menu_order":0,"comment_status":"closed","ping_status":"closed","template":"","meta":{"footnotes":""},"class_list":["post-3866","page","type-page","status-publish","hentry"],"_links":{"self":[{"href":"https:\/\/pekkapirkkala.fi\/index.php\/wp-json\/wp\/v2\/pages\/3866","targetHints":{"allow":["GET"]}}],"collection":[{"href":"https:\/\/pekkapirkkala.fi\/index.php\/wp-json\/wp\/v2\/pages"}],"about":[{"href":"https:\/\/pekkapirkkala.fi\/index.php\/wp-json\/wp\/v2\/types\/page"}],"author":[{"embeddable":true,"href":"https:\/\/pekkapirkkala.fi\/index.php\/wp-json\/wp\/v2\/users\/2"}],"replies":[{"embeddable":true,"href":"https:\/\/pekkapirkkala.fi\/index.php\/wp-json\/wp\/v2\/comments?post=3866"}],"version-history":[{"count":12,"href":"https:\/\/pekkapirkkala.fi\/index.php\/wp-json\/wp\/v2\/pages\/3866\/revisions"}],"predecessor-version":[{"id":4048,"href":"https:\/\/pekkapirkkala.fi\/index.php\/wp-json\/wp\/v2\/pages\/3866\/revisions\/4048"}],"wp:attachment":[{"href":"https:\/\/pekkapirkkala.fi\/index.php\/wp-json\/wp\/v2\/media?parent=3866"}],"curies":[{"name":"wp","href":"https:\/\/api.w.org\/{rel}","templated":true}]}}