{"id":3459,"date":"2024-11-17T11:13:59","date_gmt":"2024-11-17T11:13:59","guid":{"rendered":"https:\/\/pekkapirkkala.fi\/?page_id=3459"},"modified":"2025-04-03T11:14:30","modified_gmt":"2025-04-03T11:14:30","slug":"yhteystiedot","status":"publish","type":"page","link":"https:\/\/pekkapirkkala.fi\/index.php\/yhteystiedot\/","title":{"rendered":"YHTEYSTIEDOT"},"content":{"rendered":"<div  class='flex_column av-3hne6b-72e7fa5091c5d9338b1da395bf53b8c4 av_one_full  avia-builder-el-0  el_before_av_hr  avia-builder-el-first  first flex_column_div  '     ><p>\n<style type=\"text\/css\" data-created_by=\"avia_inline_auto\" id=\"style-css-av-m6jcepmb-ce20702b9b656e5e643031284c8e42f2\">\n#top .av-special-heading.av-m6jcepmb-ce20702b9b656e5e643031284c8e42f2{\npadding-bottom:10px;\n}\nbody .av-special-heading.av-m6jcepmb-ce20702b9b656e5e643031284c8e42f2 .av-special-heading-tag .heading-char{\nfont-size:25px;\n}\n.av-special-heading.av-m6jcepmb-ce20702b9b656e5e643031284c8e42f2 .av-subheading{\nfont-size:15px;\n}\n<\/style>\n<div  class='av-special-heading av-m6jcepmb-ce20702b9b656e5e643031284c8e42f2 av-special-heading-h3 blockquote modern-quote  avia-builder-el-1  el_before_av_textblock  avia-builder-el-first '><h3 class='av-special-heading-tag '  itemprop=\"headline\"  >Yhteystiedot<\/h3><div class=\"special-heading-border\"><div class=\"special-heading-inner-border\"><\/div><\/div><\/div><br \/>\n\n<style type=\"text\/css\" data-created_by=\"avia_inline_auto\" id=\"style-css-av-38typf-c61a59b9bcec1f38d02dbf0df8931b58\">\n#top .av_textblock_section.av-38typf-c61a59b9bcec1f38d02dbf0df8931b58 .avia_textblock{\ncolor:#083a53;\n}\n<\/style>\n<section  class='av_textblock_section av-38typf-c61a59b9bcec1f38d02dbf0df8931b58 '   itemscope=\"itemscope\" itemtype=\"https:\/\/schema.org\/CreativeWork\" ><div class='avia_textblock av_inherit_color'  itemprop=\"text\" ><p><strong>Tervetuloa mukaan tukemaan kampanjaani.<\/strong> Olen kovin kiitollinen kaikesta avusta ja tuesta mit\u00e4 saan.<\/p>\n<p>Voit liitty\u00e4 vaalitiimiini laittamalla viestisi osoitteeseen <strong>pekka.pirkkala@gmail.com<\/strong><span style=\"color: #333333;\">.<\/span><\/p>\n<p>Voit my\u00f6s tukea kampanjaani rahallisesti tililleni FI73 3939 0051 0371 09.<\/p>\n<p>Huomioithan vaalirahoituslains\u00e4\u00e4d\u00e4nn\u00f6n. Kiitos mahdollisesta lahjoituksestasi!<\/p>\n<p><strong>Voit seurata minua somessa:<\/strong><\/p>\n<p>\n<style type=\"text\/css\" data-created_by=\"avia_inline_auto\" id=\"style-css-av-54pt3n-1000d2a4b898cc360ce4834cff66480e\">\n.av_font_icon.av-54pt3n-1000d2a4b898cc360ce4834cff66480e .av-icon-char{\nfont-size:40px;\nline-height:40px;\n}\n<\/style>\n<span  class='av_font_icon av-54pt3n-1000d2a4b898cc360ce4834cff66480e avia_animate_when_visible av-icon-style- avia-icon-pos-left av-no-color avia-icon-animate'><a href='https:\/\/www.facebook.com\/pirkkalapekka\/'   class='av-icon-char' aria-hidden='false' data-av_icon='\ue8f5' data-av_iconfont='entypo-fontello' ><\/a><\/span> \n<style type=\"text\/css\" data-created_by=\"avia_inline_auto\" id=\"style-css-av-4xke4j-b39a7ba96380aacaf57de8f0db83af0d\">\n.av_font_icon.av-4xke4j-b39a7ba96380aacaf57de8f0db83af0d .av-icon-char{\nfont-size:40px;\nline-height:40px;\n}\n<\/style>\n<span  class='av_font_icon av-4xke4j-b39a7ba96380aacaf57de8f0db83af0d avia_animate_when_visible av-icon-style- avia-icon-pos-left av-no-color avia-icon-animate'><a href='https:\/\/www.instagram.com\/pekkapirkkala\/'   class='av-icon-char' aria-hidden='false' data-av_icon='\uf16d' data-av_iconfont='entypo-fontello' ><\/a><\/span><\/p>\n<\/div><\/section><\/p><\/div>\n<style type=\"text\/css\" data-created_by=\"avia_inline_auto\" id=\"style-css-av-m71qjklt-9565e4568cd891b4e8793c40fb01a5a0\">\n#top .hr.hr-invisible.av-m71qjklt-9565e4568cd891b4e8793c40fb01a5a0{\nheight:50px;\n}\n<\/style>\n<div  class='hr av-m71qjklt-9565e4568cd891b4e8793c40fb01a5a0 hr-invisible  avia-builder-el-5  el_after_av_one_full  el_before_av_image '><span class='hr-inner '><span class=\"hr-inner-style\"><\/span><\/span><\/div><\/p>\n\n<style type=\"text\/css\" data-created_by=\"avia_inline_auto\" id=\"style-css-av-2bhh43-17deb64668c06198d7572e8518f8a9a1\">\n.avia-image-container.av-2bhh43-17deb64668c06198d7572e8518f8a9a1 img.avia_image{\nbox-shadow:none;\n}\n.avia-image-container.av-2bhh43-17deb64668c06198d7572e8518f8a9a1 .av-image-caption-overlay-center{\ncolor:#ffffff;\n}\n<\/style>\n<div  class='avia-image-container av-2bhh43-17deb64668c06198d7572e8518f8a9a1 av-styling- avia-align-center  avia-builder-el-6  el_after_av_hr  avia-builder-el-last '   itemprop=\"image\" itemscope=\"itemscope\" itemtype=\"https:\/\/schema.org\/ImageObject\" ><div class=\"avia-image-container-inner\"><div class=\"avia-image-overlay-wrap\"><img decoding=\"async\" fetchpriority=\"high\" class='wp-image-3548 avia-img-lazy-loading-not-3548 avia_image ' src=\"https:\/\/pekkapirkkala.fi\/wp-content\/uploads\/2024\/11\/vaaka_LOGO_sininen2023_RGB_PDF-300x41.png\" alt='' title='vaaka_LOGO_sininen2023_RGB_PDF'  height=\"41\" width=\"300\"  itemprop=\"thumbnailUrl\" srcset=\"https:\/\/pekkapirkkala.fi\/wp-content\/uploads\/2024\/11\/vaaka_LOGO_sininen2023_RGB_PDF-300x41.png 300w, https:\/\/pekkapirkkala.fi\/wp-content\/uploads\/2024\/11\/vaaka_LOGO_sininen2023_RGB_PDF-1030x141.png 1030w, https:\/\/pekkapirkkala.fi\/wp-content\/uploads\/2024\/11\/vaaka_LOGO_sininen2023_RGB_PDF-768x105.png 768w, https:\/\/pekkapirkkala.fi\/wp-content\/uploads\/2024\/11\/vaaka_LOGO_sininen2023_RGB_PDF-1536x210.png 1536w, https:\/\/pekkapirkkala.fi\/wp-content\/uploads\/2024\/11\/vaaka_LOGO_sininen2023_RGB_PDF-2048x280.png 2048w, https:\/\/pekkapirkkala.fi\/wp-content\/uploads\/2024\/11\/vaaka_LOGO_sininen2023_RGB_PDF-1500x205.png 1500w, https:\/\/pekkapirkkala.fi\/wp-content\/uploads\/2024\/11\/vaaka_LOGO_sininen2023_RGB_PDF-705x96.png 705w\" sizes=\"(max-width: 300px) 100vw, 300px\" \/><\/div><\/div><\/div>\n","protected":false},"excerpt":{"rendered":"<p>Kuntavaaliehdokas Pekka Pirkkala 309 &#8211; yhteystiedot<\/p>\n","protected":false},"author":2,"featured_media":0,"parent":0,"menu_order":0,"comment_status":"closed","ping_status":"closed","template":"","meta":{"footnotes":""},"class_list":["post-3459","page","type-page","status-publish","hentry"],"_links":{"self":[{"href":"https:\/\/pekkapirkkala.fi\/index.php\/wp-json\/wp\/v2\/pages\/3459","targetHints":{"allow":["GET"]}}],"collection":[{"href":"https:\/\/pekkapirkkala.fi\/index.php\/wp-json\/wp\/v2\/pages"}],"about":[{"href":"https:\/\/pekkapirkkala.fi\/index.php\/wp-json\/wp\/v2\/types\/page"}],"author":[{"embeddable":true,"href":"https:\/\/pekkapirkkala.fi\/index.php\/wp-json\/wp\/v2\/users\/2"}],"replies":[{"embeddable":true,"href":"https:\/\/pekkapirkkala.fi\/index.php\/wp-json\/wp\/v2\/comments?post=3459"}],"version-history":[{"count":11,"href":"https:\/\/pekkapirkkala.fi\/index.php\/wp-json\/wp\/v2\/pages\/3459\/revisions"}],"predecessor-version":[{"id":4002,"href":"https:\/\/pekkapirkkala.fi\/index.php\/wp-json\/wp\/v2\/pages\/3459\/revisions\/4002"}],"wp:attachment":[{"href":"https:\/\/pekkapirkkala.fi\/index.php\/wp-json\/wp\/v2\/media?parent=3459"}],"curies":[{"name":"wp","href":"https:\/\/api.w.org\/{rel}","templated":true}]}}