{"id":3449,"date":"2024-11-17T11:00:25","date_gmt":"2024-11-17T11:00:25","guid":{"rendered":"https:\/\/pekkapirkkala.fi\/?page_id=3449"},"modified":"2025-04-03T11:05:19","modified_gmt":"2025-04-03T11:05:19","slug":"pekan-esittely","status":"publish","type":"page","link":"https:\/\/pekkapirkkala.fi\/index.php\/pekan-esittely\/","title":{"rendered":"PEKKA PIRKKALA"},"content":{"rendered":"<div  class='flex_column av-4qf6ux-34bbf33d6811ce6db2ed17e72055ed21 av_three_fifth  avia-builder-el-0  el_before_av_two_fifth  avia-builder-el-first  first flex_column_div  '     ><p>\n<style type=\"text\/css\" data-created_by=\"avia_inline_auto\" id=\"style-css-av-m6mbt8im-aaa3cde0c4b3797c4d3d5927c3317d88\">\n#top .av-special-heading.av-m6mbt8im-aaa3cde0c4b3797c4d3d5927c3317d88{\npadding-bottom:10px;\ncolor:#003a54;\n}\nbody .av-special-heading.av-m6mbt8im-aaa3cde0c4b3797c4d3d5927c3317d88 .av-special-heading-tag .heading-char{\nfont-size:25px;\n}\n.av-special-heading.av-m6mbt8im-aaa3cde0c4b3797c4d3d5927c3317d88 .special-heading-inner-border{\nborder-color:#003a54;\n}\n.av-special-heading.av-m6mbt8im-aaa3cde0c4b3797c4d3d5927c3317d88 .av-subheading{\nfont-size:15px;\n}\n<\/style>\n<div  class='av-special-heading av-m6mbt8im-aaa3cde0c4b3797c4d3d5927c3317d88 av-special-heading-h3 custom-color-heading blockquote modern-quote  avia-builder-el-1  el_before_av_textblock  avia-builder-el-first '><h3 class='av-special-heading-tag '  itemprop=\"headline\"  >Aitoja ajatuksia. Tehtyj\u00e4 tekoja.<\/h3><div class=\"special-heading-border\"><div class=\"special-heading-inner-border\"><\/div><\/div><\/div><br \/>\n\n<style type=\"text\/css\" data-created_by=\"avia_inline_auto\" id=\"style-css-av-2uchjt-ec14c2066f8b3c1c08076f15d1a10309\">\n#top .av_textblock_section.av-2uchjt-ec14c2066f8b3c1c08076f15d1a10309 .avia_textblock{\nfont-size:15px;\ncolor:#083a53;\n}\n<\/style>\n<section  class='av_textblock_section av-2uchjt-ec14c2066f8b3c1c08076f15d1a10309 '   itemscope=\"itemscope\" itemtype=\"https:\/\/schema.org\/CreativeWork\" ><div class='avia_textblock av_inherit_color'  itemprop=\"text\" ><p>Olen syntyper\u00e4inen stadilainen ja kolmen lapsen is\u00e4, joka on asunut yli 40 vuotta Vuosaaressa. Helsingin kaupunginosat T\u00f6\u00f6l\u00f6st\u00e4 Kallioon ovat tulleet tutuiksi, mutta syd\u00e4meni sykkii erityisesti it\u00e4isen Helsingin ja Vuosaaren kehitt\u00e4miselle. Vahvat kaupunginosat tekev\u00e4t vahvan Helsingin.<\/p>\n<p><strong>Paluu Vuosaareen<\/strong><\/p>\n<p>Kun palasin Vuosaareen vuonna 2003, alue sai mediassa erityisen negatiivista huomiota. Se ei vastannut sit\u00e4 mielikuvaa, joka itsell\u00e4 alueesta oli lapsuudessa ja nuoruudessa syntynyt. Markkinointiviestinn\u00e4n ja aluemarkkinoinin asiantuntijana aloin pohtia, ett\u00e4 voisiko Vuosaarta nostaa positiivisella tavalla esiin. Yhteisty\u00f6ss\u00e4 paikallisten toimijoiden ja kanssa k\u00e4ynnistimme Vuosaaren yhteismarkkinointihankkeen, jolla pyrittiin houkuttelemaan erityisesti sataman \u00a0yritysalueelle yrityksi\u00e4 ja ty\u00f6paikkoja. Ja toki my\u00f6s hyvi\u00e4 veronmaksajia.<\/p>\n<p><strong>Visit Vuosaari, Vuoden kaupunginosa ja tapahtumien kehitt\u00e4minen<\/strong><\/p>\n<p>Vuosaaren yhteismarkkinointihanke oli kaikin puolin onnistunut ja siin\u00e4 tehdyn ty\u00f6n pohjalta k\u00e4ynnistettiin vuonna 2015 Vuosaaren matkailun, kulttuurin, liikunnan ja virkistyksen mahdollisuuksiin keskittynyt Visit Vuosaari-projekti. Muutaman vuoden kuluttua Vuosaari sai Vuoden kaupunginosa-tunnustuksen ja kaupunginosa esill\u00e4 kaikissa suurissa medioissa. Palkintopuheessa kiiteltiin erityisesti sit\u00e4, ett\u00e4 paikalliset yritt\u00e4j\u00e4t, yritykset ja organisaatiot ovat mukana oman kotiseutunsa kehitt\u00e4misess\u00e4.<\/p>\n<p>Osana Visit Vuosaaren toimintaa olen my\u00f6hemmin ollut mukana perustamassa ja tuottamassa alueelle tapahtumia, kuten <b>Vuosaaren Satamap\u00e4iv\u00e4, Rastilan retkip\u00e4iv\u00e4 ja Vuosaaren Joulupolku ja Vuosaaren Venetsialaiset.<\/b><\/p>\n<p><strong>Ainutlaatuista yhteisty\u00f6t\u00e4 Vuosaaressa<\/strong><\/p>\n<p>Kaikki edell\u00e4 mainittu on ollut mahdollista <b>vuosaarelaisen yhteisty\u00f6n hengess\u00e4<\/b> \u2013 yhdess\u00e4 tekemisen voima on t\u00e4\u00e4ll\u00e4 ainutlaatuinen. Se korostuu erityisesti vuosittain j\u00e4rjestett\u00e4viss\u00e4 tapahtumissa, joissa saa n\u00e4hd\u00e4 tuttuja kasvoja paikallisista oppilaitoksista, seurakunnasta, pienist\u00e4 ja isoista yrityksist\u00e4 sek\u00e4 kaupunki-organisaatioista.<\/p>\n<p><strong>Yritt\u00e4jyyden, ty\u00f6paikkojen ja vapaan liikkumisen puolesta<\/strong><\/p>\n<p>Ty\u00f6ni ei kuitenkaan rajoitu vain Vuosaareen. Olen mukana <b>Helsingin yritt\u00e4jien hallituksessa ja <\/b>liikenteeseen keskittyneen HY10-ty\u00f6ryhm\u00e4n j\u00e4senen\u00e4, ja olen ollut perustamassa\u00a0<b>Autot kuuluvat Helsinkiin<\/b> -ryhm\u00e4\u00e4. N\u00e4en, ett\u00e4 Helsingiss\u00e4 on voitava liikkua vapaasti kaikilla kulkumuodoilla \u2013 ilman vastakkainasettelua. Lis\u00e4ksi haluan, ett\u00e4 <b>kaupunki tukee toiminnallaan aidosti yritt\u00e4ji\u00e4 ja ty\u00f6paikkoja<\/b>, sill\u00e4 niiden kautta syntyy hyvinvointia ja elinvoimaa niin keskustassa kuin it\u00e4isess\u00e4 ja pohjoisessa Helsingiss\u00e4.<\/p>\n<p><strong>Syd\u00e4n sykkii Vuosaarelle ja stadille<\/strong><\/p>\n<p>Edellisiss\u00e4 kuntavaaleissa tunnuslauseeni oli <b>&#8220;Kun syd\u00e4n sykkii Vuosaarelle&#8221;<\/b> \u2013 ja se p\u00e4tee yh\u00e4. Se ei tarkoita, etten n\u00e4kisi koko Helsingin kehitt\u00e4mist\u00e4 t\u00e4rke\u00e4n\u00e4, vaan p\u00e4invastoin: <strong>Helsingin suurimman kaupunginosan,<\/strong> <b>Vuosaaren, eteen tehty ty\u00f6 ja yhteishenki voi toimia esimerkkin\u00e4 my\u00f6s muualla.<\/b><\/p>\n<p>Maailmaa ei muuteta kerralla, vaan askel kerrallaan, tekojen ja yhteisty\u00f6n kautta.<\/p>\n<\/div><\/section><\/p><\/div><div  class='flex_column av-604f95-544940ca62a600d6dac4163f87222df7 av_two_fifth  avia-builder-el-3  el_after_av_three_fifth  el_before_av_hr  flex_column_div  '     ><style type=\"text\/css\" data-created_by=\"avia_inline_auto\" id=\"style-css-av-m3nbx058-d1150794ff0aac2156d4177c7895479a\">\n.avia-image-container.av-m3nbx058-d1150794ff0aac2156d4177c7895479a img.avia_image{\nbox-shadow:none;\n}\n.avia-image-container.av-m3nbx058-d1150794ff0aac2156d4177c7895479a .av-image-caption-overlay-center{\ncolor:#ffffff;\n}\n<\/style>\n<div  class='avia-image-container av-m3nbx058-d1150794ff0aac2156d4177c7895479a av-styling- avia-align-center  avia-builder-el-4  avia-builder-el-no-sibling '   itemprop=\"image\" itemscope=\"itemscope\" itemtype=\"https:\/\/schema.org\/ImageObject\" ><div class=\"avia-image-container-inner\"><div class=\"avia-image-overlay-wrap\"><img decoding=\"async\" fetchpriority=\"high\" class='wp-image-3863 avia-img-lazy-loading-not-3863 avia_image ' src=\"https:\/\/pekkapirkkala.fi\/wp-content\/uploads\/2025\/02\/Pirkkala_Pekka-11_snadi3-464x1030.png\" alt='' title='Pirkkala_Pekka 11_snadi3'  height=\"1030\" width=\"464\"  itemprop=\"thumbnailUrl\" srcset=\"https:\/\/pekkapirkkala.fi\/wp-content\/uploads\/2025\/02\/Pirkkala_Pekka-11_snadi3-464x1030.png 464w, https:\/\/pekkapirkkala.fi\/wp-content\/uploads\/2025\/02\/Pirkkala_Pekka-11_snadi3-135x300.png 135w, https:\/\/pekkapirkkala.fi\/wp-content\/uploads\/2025\/02\/Pirkkala_Pekka-11_snadi3-768x1704.png 768w, https:\/\/pekkapirkkala.fi\/wp-content\/uploads\/2025\/02\/Pirkkala_Pekka-11_snadi3-692x1536.png 692w, https:\/\/pekkapirkkala.fi\/wp-content\/uploads\/2025\/02\/Pirkkala_Pekka-11_snadi3-923x2048.png 923w, https:\/\/pekkapirkkala.fi\/wp-content\/uploads\/2025\/02\/Pirkkala_Pekka-11_snadi3-676x1500.png 676w, https:\/\/pekkapirkkala.fi\/wp-content\/uploads\/2025\/02\/Pirkkala_Pekka-11_snadi3-318x705.png 318w, https:\/\/pekkapirkkala.fi\/wp-content\/uploads\/2025\/02\/Pirkkala_Pekka-11_snadi3.png 1783w\" sizes=\"(max-width: 464px) 100vw, 464px\" \/><\/div><\/div><\/div><\/div><\/p>\n\n<style type=\"text\/css\" data-created_by=\"avia_inline_auto\" id=\"style-css-av-m6thq9w1-2ae446f02c0d774c8c81f8f2544ec817\">\n#top .hr.hr-invisible.av-m6thq9w1-2ae446f02c0d774c8c81f8f2544ec817{\nheight:50px;\n}\n<\/style>\n<div  class='hr av-m6thq9w1-2ae446f02c0d774c8c81f8f2544ec817 hr-invisible  avia-builder-el-5  el_after_av_two_fifth  el_before_av_image '><span class='hr-inner '><span class=\"hr-inner-style\"><\/span><\/span><\/div>\n\n<style type=\"text\/css\" data-created_by=\"avia_inline_auto\" id=\"style-css-av-m3q5daqk-ca4853bf304620de0a53ff43eef57482\">\n.avia-image-container.av-m3q5daqk-ca4853bf304620de0a53ff43eef57482 img.avia_image{\nbox-shadow:none;\n}\n.avia-image-container.av-m3q5daqk-ca4853bf304620de0a53ff43eef57482 .av-image-caption-overlay-center{\ncolor:#ffffff;\n}\n<\/style>\n<div  class='avia-image-container av-m3q5daqk-ca4853bf304620de0a53ff43eef57482 av-styling- avia-align-center  avia-builder-el-6  el_after_av_hr  avia-builder-el-last '   itemprop=\"image\" itemscope=\"itemscope\" itemtype=\"https:\/\/schema.org\/ImageObject\" ><div class=\"avia-image-container-inner\"><div class=\"avia-image-overlay-wrap\"><img decoding=\"async\" fetchpriority=\"high\" class='wp-image-3548 avia-img-lazy-loading-not-3548 avia_image ' src=\"https:\/\/pekkapirkkala.fi\/wp-content\/uploads\/2024\/11\/vaaka_LOGO_sininen2023_RGB_PDF-300x41.png\" alt='' title='vaaka_LOGO_sininen2023_RGB_PDF'  height=\"41\" width=\"300\"  itemprop=\"thumbnailUrl\" srcset=\"https:\/\/pekkapirkkala.fi\/wp-content\/uploads\/2024\/11\/vaaka_LOGO_sininen2023_RGB_PDF-300x41.png 300w, https:\/\/pekkapirkkala.fi\/wp-content\/uploads\/2024\/11\/vaaka_LOGO_sininen2023_RGB_PDF-1030x141.png 1030w, https:\/\/pekkapirkkala.fi\/wp-content\/uploads\/2024\/11\/vaaka_LOGO_sininen2023_RGB_PDF-768x105.png 768w, https:\/\/pekkapirkkala.fi\/wp-content\/uploads\/2024\/11\/vaaka_LOGO_sininen2023_RGB_PDF-1536x210.png 1536w, https:\/\/pekkapirkkala.fi\/wp-content\/uploads\/2024\/11\/vaaka_LOGO_sininen2023_RGB_PDF-2048x280.png 2048w, https:\/\/pekkapirkkala.fi\/wp-content\/uploads\/2024\/11\/vaaka_LOGO_sininen2023_RGB_PDF-1500x205.png 1500w, https:\/\/pekkapirkkala.fi\/wp-content\/uploads\/2024\/11\/vaaka_LOGO_sininen2023_RGB_PDF-705x96.png 705w\" sizes=\"(max-width: 300px) 100vw, 300px\" \/><\/div><\/div><\/div>\n","protected":false},"excerpt":{"rendered":"<p>Kuntavaaliehdokas Pekka Pirkkala 309 &#8211; voimakastahtoinen vaikuttaja Vuosaaresta<\/p>\n","protected":false},"author":2,"featured_media":0,"parent":0,"menu_order":0,"comment_status":"closed","ping_status":"closed","template":"","meta":{"footnotes":""},"class_list":["post-3449","page","type-page","status-publish","hentry"],"_links":{"self":[{"href":"https:\/\/pekkapirkkala.fi\/index.php\/wp-json\/wp\/v2\/pages\/3449","targetHints":{"allow":["GET"]}}],"collection":[{"href":"https:\/\/pekkapirkkala.fi\/index.php\/wp-json\/wp\/v2\/pages"}],"about":[{"href":"https:\/\/pekkapirkkala.fi\/index.php\/wp-json\/wp\/v2\/types\/page"}],"author":[{"embeddable":true,"href":"https:\/\/pekkapirkkala.fi\/index.php\/wp-json\/wp\/v2\/users\/2"}],"replies":[{"embeddable":true,"href":"https:\/\/pekkapirkkala.fi\/index.php\/wp-json\/wp\/v2\/comments?post=3449"}],"version-history":[{"count":84,"href":"https:\/\/pekkapirkkala.fi\/index.php\/wp-json\/wp\/v2\/pages\/3449\/revisions"}],"predecessor-version":[{"id":3998,"href":"https:\/\/pekkapirkkala.fi\/index.php\/wp-json\/wp\/v2\/pages\/3449\/revisions\/3998"}],"wp:attachment":[{"href":"https:\/\/pekkapirkkala.fi\/index.php\/wp-json\/wp\/v2\/media?parent=3449"}],"curies":[{"name":"wp","href":"https:\/\/api.w.org\/{rel}","templated":true}]}}