{"id":1355,"date":"2017-02-13T15:01:14","date_gmt":"2017-02-13T15:01:14","guid":{"rendered":"http:\/\/test.kriesi.at\/enfold-2017\/?page_id=1355"},"modified":"2017-02-13T15:01:14","modified_gmt":"2017-02-13T15:01:14","slug":"post-slider","status":"publish","type":"page","link":"https:\/\/pekkapirkkala.fi\/index.php\/elements\/post-slider\/","title":{"rendered":"Post Slider"},"content":{"rendered":"\n<style type=\"text\/css\" data-created_by=\"avia_inline_auto\" id=\"style-css-av-av_heading-690a21690783d883c8b810110694536a\">\n#top .av-special-heading.av-av_heading-690a21690783d883c8b810110694536a{\npadding-bottom:15px;\ncolor:#000000;\nfont-size:40px;\n}\nbody .av-special-heading.av-av_heading-690a21690783d883c8b810110694536a .av-special-heading-tag .heading-char{\nfont-size:25px;\n}\n#top #wrap_all .av-special-heading.av-av_heading-690a21690783d883c8b810110694536a .av-special-heading-tag{\nfont-size:40px;\n}\n.av-special-heading.av-av_heading-690a21690783d883c8b810110694536a .special-heading-inner-border{\nborder-color:#000000;\n}\n.av-special-heading.av-av_heading-690a21690783d883c8b810110694536a .av-subheading{\nfont-size:15px;\n}\n\n@media only screen and (min-width: 480px) and (max-width: 767px){ \n#top #wrap_all .av-special-heading.av-av_heading-690a21690783d883c8b810110694536a .av-special-heading-tag{\nfont-size:0.8em;\n}\n}\n\n@media only screen and (max-width: 479px){ \n#top #wrap_all .av-special-heading.av-av_heading-690a21690783d883c8b810110694536a .av-special-heading-tag{\nfont-size:0.8em;\n}\n}\n<\/style>\n<div  class='av-special-heading av-av_heading-690a21690783d883c8b810110694536a av-special-heading-h1 custom-color-heading blockquote modern-quote  avia-builder-el-0  el_before_av_textblock  avia-builder-el-first  av-inherit-size'><h1 class='av-special-heading-tag '  itemprop=\"headline\"  >Post Slider Element<\/h1><div class=\"special-heading-border\"><div class=\"special-heading-inner-border\"><\/div><\/div><\/div>\n<section  class='av_textblock_section av-av_textblock-396ddf1f42196ca838231e61a4602801 '   itemscope=\"itemscope\" itemtype=\"https:\/\/schema.org\/CreativeWork\" ><div class='avia_textblock'  itemprop=\"text\" ><p>The post slider element allows you to display a 2-5 column slider with entries, that are fetched from any of your Themes active Taxonomies. This also includes Taxonomies that are added via Plugins. So for example if you have a shop plugin active you will also be able to display the latest Products.<\/p>\n<\/div><\/section>\n\n<style type=\"text\/css\" data-created_by=\"avia_inline_auto\" id=\"style-css-av-av_heading-ee7005fe81ff4c4ca1a4ba68b0876862\">\n#top .av-special-heading.av-av_heading-ee7005fe81ff4c4ca1a4ba68b0876862{\npadding-bottom:15px;\nfont-size:30px;\n}\nbody .av-special-heading.av-av_heading-ee7005fe81ff4c4ca1a4ba68b0876862 .av-special-heading-tag .heading-char{\nfont-size:25px;\n}\n#top #wrap_all .av-special-heading.av-av_heading-ee7005fe81ff4c4ca1a4ba68b0876862 .av-special-heading-tag{\nfont-size:30px;\n}\n.av-special-heading.av-av_heading-ee7005fe81ff4c4ca1a4ba68b0876862 .av-subheading{\nfont-size:10px;\n}\n\n@media only screen and (min-width: 480px) and (max-width: 767px){ \n#top #wrap_all .av-special-heading.av-av_heading-ee7005fe81ff4c4ca1a4ba68b0876862 .av-special-heading-tag{\nfont-size:0.8em;\n}\n}\n\n@media only screen and (max-width: 479px){ \n#top #wrap_all .av-special-heading.av-av_heading-ee7005fe81ff4c4ca1a4ba68b0876862 .av-special-heading-tag{\nfont-size:0.8em;\n}\n}\n<\/style>\n<div  class='av-special-heading av-av_heading-ee7005fe81ff4c4ca1a4ba68b0876862 av-special-heading-h2 blockquote modern-quote  avia-builder-el-2  el_after_av_textblock  el_before_av_postslider  av-inherit-size'><h2 class='av-special-heading-tag '  itemprop=\"headline\"  >Latest Posts<\/h2><div class=\"special-heading-border\"><div class=\"special-heading-inner-border\"><\/div><\/div><\/div>\n<div  data-slideshow-options=\"{&quot;animation&quot;:&quot;fade&quot;,&quot;autoplay&quot;:false,&quot;loop_autoplay&quot;:&quot;once&quot;,&quot;interval&quot;:&quot;5&quot;,&quot;loop_manual&quot;:&quot;manual-endless&quot;,&quot;autoplay_stopper&quot;:false,&quot;noNavigation&quot;:false,&quot;show_slide_delay&quot;:90}\" class='avia-content-slider avia-content-slider-active avia-content-slider1 avia-content-slider-even  avia-builder-el-3  el_after_av_heading  el_before_av_hr  av-slideshow-ui av-control-default   av-no-slider-navigation av-slideshow-manual av-loop-once av-loop-manual-endless '  itemscope=\"itemscope\" itemtype=\"https:\/\/schema.org\/Blog\" ><div class=\"avia-content-slider-inner\"><div class=\"slide-entry-wrap\"><article class='slide-entry flex_column  post-entry post-entry-4030 slide-entry-overview slide-loop-1 slide-parity-odd  av_one_half first real-thumbnail posttype-post post-format-standard'  itemscope=\"itemscope\" itemtype=\"https:\/\/schema.org\/CreativeWork\" ><a href='https:\/\/pekkapirkkala.fi\/index.php\/2025\/04\/05\/4030\/' data-rel='slide-1' class='slide-image' title='Vuosaaren pohjoisella ostokeskuksella vaality\u00f6ss\u00e4'><img decoding=\"async\" fetchpriority=\"high\" width=\"495\" height=\"400\" src=\"https:\/\/pekkapirkkala.fi\/wp-content\/uploads\/2025\/04\/vanhaostari_2025-495x400.jpeg\" class=\"wp-image-4031 avia-img-lazy-loading-not-4031 attachment-portfolio size-portfolio wp-post-image\" alt=\"\" \/><\/a><div class=\"slide-content\"><header class=\"entry-content-header\" aria-label=\"Slide: Vuosaaren pohjoisella ostokeskuksella vaality\u00f6ss\u00e4\"><h3 class='slide-entry-title entry-title '  itemprop=\"headline\" ><a href='https:\/\/pekkapirkkala.fi\/index.php\/2025\/04\/05\/4030\/' title='Vuosaaren pohjoisella ostokeskuksella vaality\u00f6ss\u00e4'>Vuosaaren pohjoisella ostokeskuksella vaality\u00f6ss\u00e4<\/a><\/h3><span class=\"av-vertical-delimiter\"><\/span><\/header><div class=\"slide-meta\"><time class='slide-meta-time updated'  itemprop=\"datePublished\" datetime=\"2025-04-05T12:28:49+00:00\" >April 5, 2025<\/time><div class=\"slide-meta-del\">\/<\/div><div class=\"slide-meta-comments\"><a href='https:\/\/pekkapirkkala.fi\/index.php\/2025\/04\/05\/4030\/#respond'>0 Comments<\/a><\/div><\/div><div class='slide-entry-excerpt entry-content'  itemprop=\"text\" >\n\n\n\n<\/div><\/div><footer class=\"entry-footer\"><\/footer><span class='hidden'>\n\t\t\t\t<span class='av-structured-data'  itemprop=\"image\" itemscope=\"itemscope\" itemtype=\"https:\/\/schema.org\/ImageObject\" >\n\t\t\t\t\t\t<span itemprop='url'>https:\/\/pekkapirkkala.fi\/wp-content\/uploads\/2025\/04\/vanhaostari_2025.jpeg<\/span>\n\t\t\t\t\t\t<span itemprop='height'>1000<\/span>\n\t\t\t\t\t\t<span itemprop='width'>736<\/span>\n\t\t\t\t<\/span>\n\t\t\t\t<span class='av-structured-data'  itemprop=\"publisher\" itemtype=\"https:\/\/schema.org\/Organization\" itemscope=\"itemscope\" >\n\t\t\t\t\t\t<span itemprop='name'>pekka.pirkkala@brutoff.fi<\/span>\n\t\t\t\t\t\t<span itemprop='logo' itemscope itemtype='https:\/\/schema.org\/ImageObject'>\n\t\t\t\t\t\t\t<span itemprop='url'>https:\/\/pekkapirkkala.fi\/wp-content\/uploads\/2024\/10\/logo-pekka-pirkkala-450-f-300x41.png<\/span>\n\t\t\t\t\t\t<\/span>\n\t\t\t\t<\/span><span class='av-structured-data'  itemprop=\"author\" itemscope=\"itemscope\" itemtype=\"https:\/\/schema.org\/Person\" ><span itemprop='name'>pekka.pirkkala@brutoff.fi<\/span><\/span><span class='av-structured-data'  itemprop=\"datePublished\" datetime=\"2017-02-13T15:01:14+00:00\" >2025-04-05 12:28:49<\/span><span class='av-structured-data'  itemprop=\"dateModified\" itemtype=\"https:\/\/schema.org\/dateModified\" >2025-04-05 13:12:40<\/span><span class='av-structured-data'  itemprop=\"mainEntityOfPage\" itemtype=\"https:\/\/schema.org\/mainEntityOfPage\" ><span itemprop='name'>Vuosaaren pohjoisella ostokeskuksella vaality\u00f6ss\u00e4<\/span><\/span><\/span><\/article><article class='slide-entry flex_column  post-entry post-entry-4022 slide-entry-overview slide-loop-2 slide-parity-even  av_one_half  real-thumbnail posttype-post post-format-standard'  itemscope=\"itemscope\" itemtype=\"https:\/\/schema.org\/CreativeWork\" ><a href='https:\/\/pekkapirkkala.fi\/index.php\/2025\/04\/05\/4022\/' data-rel='slide-1' class='slide-image' title='Vuosaaren Rotary-klubi t\u00e4ytti 40 vuotta'><img decoding=\"async\" fetchpriority=\"high\" width=\"495\" height=\"400\" src=\"https:\/\/pekkapirkkala.fi\/wp-content\/uploads\/2025\/04\/rotary_40_vuotta_rantapuisto-495x400.jpeg\" class=\"wp-image-4023 avia-img-lazy-loading-not-4023 attachment-portfolio size-portfolio wp-post-image\" alt=\"\" srcset=\"https:\/\/pekkapirkkala.fi\/wp-content\/uploads\/2025\/04\/rotary_40_vuotta_rantapuisto-495x400.jpeg 495w, https:\/\/pekkapirkkala.fi\/wp-content\/uploads\/2025\/04\/rotary_40_vuotta_rantapuisto-845x684.jpeg 845w\" sizes=\"(max-width: 495px) 100vw, 495px\" \/><\/a><div class=\"slide-content\"><header class=\"entry-content-header\" aria-label=\"Slide: Vuosaaren Rotary-klubi t\u00e4ytti 40 vuotta\"><h3 class='slide-entry-title entry-title '  itemprop=\"headline\" ><a href='https:\/\/pekkapirkkala.fi\/index.php\/2025\/04\/05\/4022\/' title='Vuosaaren Rotary-klubi t\u00e4ytti 40 vuotta'>Vuosaaren Rotary-klubi t\u00e4ytti 40 vuotta<\/a><\/h3><span class=\"av-vertical-delimiter\"><\/span><\/header><div class=\"slide-meta\"><time class='slide-meta-time updated'  itemprop=\"datePublished\" datetime=\"2025-04-05T12:20:22+00:00\" >April 5, 2025<\/time><div class=\"slide-meta-del\">\/<\/div><div class=\"slide-meta-comments\"><a href='https:\/\/pekkapirkkala.fi\/index.php\/2025\/04\/05\/4022\/#respond'>0 Comments<\/a><\/div><\/div><div class='slide-entry-excerpt entry-content'  itemprop=\"text\" >\n\n<\/div><\/div><footer class=\"entry-footer\"><\/footer><span class='hidden'>\n\t\t\t\t<span class='av-structured-data'  itemprop=\"image\" itemscope=\"itemscope\" itemtype=\"https:\/\/schema.org\/ImageObject\" >\n\t\t\t\t\t\t<span itemprop='url'>https:\/\/pekkapirkkala.fi\/wp-content\/uploads\/2025\/04\/rotary_40_vuotta_rantapuisto.jpeg<\/span>\n\t\t\t\t\t\t<span itemprop='height'>1412<\/span>\n\t\t\t\t\t\t<span itemprop='width'>1060<\/span>\n\t\t\t\t<\/span>\n\t\t\t\t<span class='av-structured-data'  itemprop=\"publisher\" itemtype=\"https:\/\/schema.org\/Organization\" itemscope=\"itemscope\" >\n\t\t\t\t\t\t<span itemprop='name'>pekka.pirkkala@brutoff.fi<\/span>\n\t\t\t\t\t\t<span itemprop='logo' itemscope itemtype='https:\/\/schema.org\/ImageObject'>\n\t\t\t\t\t\t\t<span itemprop='url'>https:\/\/pekkapirkkala.fi\/wp-content\/uploads\/2024\/10\/logo-pekka-pirkkala-450-f-300x41.png<\/span>\n\t\t\t\t\t\t<\/span>\n\t\t\t\t<\/span><span class='av-structured-data'  itemprop=\"author\" itemscope=\"itemscope\" itemtype=\"https:\/\/schema.org\/Person\" ><span itemprop='name'>pekka.pirkkala@brutoff.fi<\/span><\/span><span class='av-structured-data'  itemprop=\"datePublished\" datetime=\"2017-02-13T15:01:14+00:00\" >2025-04-05 12:20:22<\/span><span class='av-structured-data'  itemprop=\"dateModified\" itemtype=\"https:\/\/schema.org\/dateModified\" >2025-04-05 13:10:51<\/span><span class='av-structured-data'  itemprop=\"mainEntityOfPage\" itemtype=\"https:\/\/schema.org\/mainEntityOfPage\" ><span itemprop='name'>Vuosaaren Rotary-klubi t\u00e4ytti 40 vuotta<\/span><\/span><\/span><\/article><\/div><div class=\"slide-entry-wrap\"><article class='slide-entry flex_column  post-entry post-entry-4005 slide-entry-overview slide-loop-3 slide-parity-odd  post-entry-last  av_one_half first real-thumbnail posttype-post post-format-standard'  itemscope=\"itemscope\" itemtype=\"https:\/\/schema.org\/CreativeWork\" ><a href='https:\/\/pekkapirkkala.fi\/index.php\/2025\/04\/05\/elinvoimaa-ita-helsinkiin-seminaari\/' data-rel='slide-1' class='slide-image' title='Elinvoimaa It\u00e4-Helsinkiin seminaari'><img decoding=\"async\" fetchpriority=\"high\" width=\"495\" height=\"400\" src=\"https:\/\/pekkapirkkala.fi\/wp-content\/uploads\/2025\/04\/elinvoimaa_itahelsinkiin-495x400.jpeg\" class=\"wp-image-4006 avia-img-lazy-loading-not-4006 attachment-portfolio size-portfolio wp-post-image\" alt=\"\" srcset=\"https:\/\/pekkapirkkala.fi\/wp-content\/uploads\/2025\/04\/elinvoimaa_itahelsinkiin-495x400.jpeg 495w, https:\/\/pekkapirkkala.fi\/wp-content\/uploads\/2025\/04\/elinvoimaa_itahelsinkiin-845x684.jpeg 845w\" sizes=\"(max-width: 495px) 100vw, 495px\" \/><\/a><div class=\"slide-content\"><header class=\"entry-content-header\" aria-label=\"Slide: Elinvoimaa It\u00e4-Helsinkiin seminaari\"><h3 class='slide-entry-title entry-title '  itemprop=\"headline\" ><a href='https:\/\/pekkapirkkala.fi\/index.php\/2025\/04\/05\/elinvoimaa-ita-helsinkiin-seminaari\/' title='Elinvoimaa It\u00e4-Helsinkiin seminaari'>Elinvoimaa It\u00e4-Helsinkiin seminaari<\/a><\/h3><span class=\"av-vertical-delimiter\"><\/span><\/header><div class=\"slide-meta\"><time class='slide-meta-time updated'  itemprop=\"datePublished\" datetime=\"2025-04-05T12:03:17+00:00\" >April 5, 2025<\/time><div class=\"slide-meta-del\">\/<\/div><div class=\"slide-meta-comments\"><a href='https:\/\/pekkapirkkala.fi\/index.php\/2025\/04\/05\/elinvoimaa-ita-helsinkiin-seminaari\/#respond'>0 Comments<\/a><\/div><\/div><div class='slide-entry-excerpt entry-content'  itemprop=\"text\" >\n\n<\/div><\/div><footer class=\"entry-footer\"><\/footer><span class='hidden'>\n\t\t\t\t<span class='av-structured-data'  itemprop=\"image\" itemscope=\"itemscope\" itemtype=\"https:\/\/schema.org\/ImageObject\" >\n\t\t\t\t\t\t<span itemprop='url'>https:\/\/pekkapirkkala.fi\/wp-content\/uploads\/2025\/04\/elinvoimaa_itahelsinkiin.jpeg<\/span>\n\t\t\t\t\t\t<span itemprop='height'>1600<\/span>\n\t\t\t\t\t\t<span itemprop='width'>1200<\/span>\n\t\t\t\t<\/span>\n\t\t\t\t<span class='av-structured-data'  itemprop=\"publisher\" itemtype=\"https:\/\/schema.org\/Organization\" itemscope=\"itemscope\" >\n\t\t\t\t\t\t<span itemprop='name'>pekka.pirkkala@brutoff.fi<\/span>\n\t\t\t\t\t\t<span itemprop='logo' itemscope itemtype='https:\/\/schema.org\/ImageObject'>\n\t\t\t\t\t\t\t<span itemprop='url'>https:\/\/pekkapirkkala.fi\/wp-content\/uploads\/2024\/10\/logo-pekka-pirkkala-450-f-300x41.png<\/span>\n\t\t\t\t\t\t<\/span>\n\t\t\t\t<\/span><span class='av-structured-data'  itemprop=\"author\" itemscope=\"itemscope\" itemtype=\"https:\/\/schema.org\/Person\" ><span itemprop='name'>pekka.pirkkala@brutoff.fi<\/span><\/span><span class='av-structured-data'  itemprop=\"datePublished\" datetime=\"2017-02-13T15:01:14+00:00\" >2025-04-05 12:03:17<\/span><span class='av-structured-data'  itemprop=\"dateModified\" itemtype=\"https:\/\/schema.org\/dateModified\" >2025-04-05 13:09:06<\/span><span class='av-structured-data'  itemprop=\"mainEntityOfPage\" itemtype=\"https:\/\/schema.org\/mainEntityOfPage\" ><span itemprop='name'>Elinvoimaa It\u00e4-Helsinkiin seminaari<\/span><\/span><\/span><\/article><\/div><\/div><div class='avia-slideshow-arrows avia-slideshow-controls' ><a href='#prev' class='prev-slide ' aria-hidden='true' data-av_icon='\ue87c' data-av_iconfont='entypo-fontello'  tabindex='-1'>Previous<\/a><a href='#next' class='next-slide ' aria-hidden='true' data-av_icon='\ue87d' data-av_iconfont='entypo-fontello'  tabindex='-1'>Next<\/a><\/div><\/div>\n\n<style type=\"text\/css\" data-created_by=\"avia_inline_auto\" id=\"style-css-av-av_hr-4474f20d2389e2e5ecf918a02da5132e\">\n#top .hr.hr-invisible.av-av_hr-4474f20d2389e2e5ecf918a02da5132e{\nheight:50px;\n}\n<\/style>\n<div  class='hr av-av_hr-4474f20d2389e2e5ecf918a02da5132e hr-invisible  avia-builder-el-4  el_after_av_postslider  el_before_av_heading '><span class='hr-inner '><span class=\"hr-inner-style\"><\/span><\/span><\/div>\n\n<style type=\"text\/css\" data-created_by=\"avia_inline_auto\" id=\"style-css-av-av_heading-210f830b4b73f55be9739136230d29cb\">\n#top .av-special-heading.av-av_heading-210f830b4b73f55be9739136230d29cb{\npadding-bottom:15px;\nfont-size:30px;\n}\nbody .av-special-heading.av-av_heading-210f830b4b73f55be9739136230d29cb .av-special-heading-tag .heading-char{\nfont-size:25px;\n}\n#top #wrap_all .av-special-heading.av-av_heading-210f830b4b73f55be9739136230d29cb .av-special-heading-tag{\nfont-size:30px;\n}\n.av-special-heading.av-av_heading-210f830b4b73f55be9739136230d29cb .av-subheading{\nfont-size:10px;\n}\n\n@media only screen and (min-width: 480px) and (max-width: 767px){ \n#top #wrap_all .av-special-heading.av-av_heading-210f830b4b73f55be9739136230d29cb .av-special-heading-tag{\nfont-size:0.8em;\n}\n}\n\n@media only screen and (max-width: 479px){ \n#top #wrap_all .av-special-heading.av-av_heading-210f830b4b73f55be9739136230d29cb .av-special-heading-tag{\nfont-size:0.8em;\n}\n}\n<\/style>\n<div  class='av-special-heading av-av_heading-210f830b4b73f55be9739136230d29cb av-special-heading-h2 blockquote modern-quote  avia-builder-el-5  el_after_av_hr  el_before_av_postslider  av-inherit-size'><h2 class='av-special-heading-tag '  itemprop=\"headline\"  >Latest Portfolio Entries without Excerpt<\/h2><div class=\"special-heading-border\"><div class=\"special-heading-inner-border\"><\/div><\/div><\/div>\n\n","protected":false},"excerpt":{"rendered":"","protected":false},"author":2,"featured_media":0,"parent":606,"menu_order":0,"comment_status":"closed","ping_status":"closed","template":"","meta":{"footnotes":""},"class_list":["post-1355","page","type-page","status-publish","hentry"],"_links":{"self":[{"href":"https:\/\/pekkapirkkala.fi\/index.php\/wp-json\/wp\/v2\/pages\/1355","targetHints":{"allow":["GET"]}}],"collection":[{"href":"https:\/\/pekkapirkkala.fi\/index.php\/wp-json\/wp\/v2\/pages"}],"about":[{"href":"https:\/\/pekkapirkkala.fi\/index.php\/wp-json\/wp\/v2\/types\/page"}],"author":[{"embeddable":true,"href":"https:\/\/pekkapirkkala.fi\/index.php\/wp-json\/wp\/v2\/users\/2"}],"replies":[{"embeddable":true,"href":"https:\/\/pekkapirkkala.fi\/index.php\/wp-json\/wp\/v2\/comments?post=1355"}],"version-history":[{"count":0,"href":"https:\/\/pekkapirkkala.fi\/index.php\/wp-json\/wp\/v2\/pages\/1355\/revisions"}],"up":[{"embeddable":true,"href":"https:\/\/pekkapirkkala.fi\/index.php\/wp-json\/wp\/v2\/pages\/606"}],"wp:attachment":[{"href":"https:\/\/pekkapirkkala.fi\/index.php\/wp-json\/wp\/v2\/media?parent=1355"}],"curies":[{"name":"wp","href":"https:\/\/api.w.org\/{rel}","templated":true}]}}