{"id":1337,"date":"2017-02-13T14:59:40","date_gmt":"2017-02-13T14:59:40","guid":{"rendered":"http:\/\/test.kriesi.at\/enfold-2017\/?page_id=1337"},"modified":"2017-02-13T14:59:40","modified_gmt":"2017-02-13T14:59:40","slug":"magazine","status":"publish","type":"page","link":"https:\/\/pekkapirkkala.fi\/index.php\/elements\/magazine\/","title":{"rendered":"Magazine"},"content":{"rendered":"\n<style type=\"text\/css\" data-created_by=\"avia_inline_auto\" id=\"style-css-av-av_heading-77aefdc2c21ff999f4f2189f9c726aa8\">\n#top .av-special-heading.av-av_heading-77aefdc2c21ff999f4f2189f9c726aa8{\npadding-bottom:15px;\ncolor:#000000;\nfont-size:40px;\n}\nbody .av-special-heading.av-av_heading-77aefdc2c21ff999f4f2189f9c726aa8 .av-special-heading-tag .heading-char{\nfont-size:25px;\n}\n#top #wrap_all .av-special-heading.av-av_heading-77aefdc2c21ff999f4f2189f9c726aa8 .av-special-heading-tag{\nfont-size:40px;\n}\n.av-special-heading.av-av_heading-77aefdc2c21ff999f4f2189f9c726aa8 .special-heading-inner-border{\nborder-color:#000000;\n}\n.av-special-heading.av-av_heading-77aefdc2c21ff999f4f2189f9c726aa8 .av-subheading{\nfont-size:15px;\n}\n\n@media only screen and (min-width: 480px) and (max-width: 767px){ \n#top #wrap_all .av-special-heading.av-av_heading-77aefdc2c21ff999f4f2189f9c726aa8 .av-special-heading-tag{\nfont-size:0.8em;\n}\n}\n\n@media only screen and (max-width: 479px){ \n#top #wrap_all .av-special-heading.av-av_heading-77aefdc2c21ff999f4f2189f9c726aa8 .av-special-heading-tag{\nfont-size:0.8em;\n}\n}\n<\/style>\n<div  class='av-special-heading av-av_heading-77aefdc2c21ff999f4f2189f9c726aa8 av-special-heading-h1 custom-color-heading blockquote modern-quote  avia-builder-el-0  el_before_av_textblock  avia-builder-el-first  av-inherit-size'><h1 class='av-special-heading-tag '  itemprop=\"headline\"  >Magazine Element<\/h1><div class=\"special-heading-border\"><div class=\"special-heading-inner-border\"><\/div><\/div><\/div>\n<section  class='av_textblock_section av-av_textblock-396ddf1f42196ca838231e61a4602801 '   itemscope=\"itemscope\" itemtype=\"https:\/\/schema.org\/CreativeWork\" ><div class='avia_textblock'  itemprop=\"text\" ><p>This element allows you to display a list of\u00a0entries in a magazine layout and allows you to build beautiful magazine style news sites. The element supports any post type that is registered with WordPress, eg. blog posts, portfolio entries, products and also plugin additions, like events&#8230;<\/p>\n<\/div><\/section>\n\n<style type=\"text\/css\" data-created_by=\"avia_inline_auto\" id=\"style-css-av-av_hr-4474f20d2389e2e5ecf918a02da5132e\">\n#top .hr.hr-invisible.av-av_hr-4474f20d2389e2e5ecf918a02da5132e{\nheight:50px;\n}\n<\/style>\n<div  class='hr av-av_hr-4474f20d2389e2e5ecf918a02da5132e hr-invisible  avia-builder-el-2  el_after_av_textblock  el_before_av_magazine '><span class='hr-inner '><span class=\"hr-inner-style\"><\/span><\/span><\/div>\n\n\n<div  class='flex_column av-av_one_half-2a9015ff38129c418a3f2eafba3e9512 av_one_half  avia-builder-el-5  el_after_av_magazine  el_before_av_one_half  first flex_column_div  '     ><div  id=\"avia-magazine-3\"  class='av-magazine av-av_magazine-4a60ce425d574ee58bee94a70c91209b av-magazine-top-bar-active av-magazine-hero-top av-magazine-tabs-active  avia-builder-el-6  avia-builder-el-no-sibling   avia-builder-el-6  avia-builder-el-no-sibling ' ><div class='av-magazine-top-bar avia-font-color-teal avia-inherit-font-color'><span class='av-magazine-top-heading '>Science<\/span><\/div><div class='av-magazine-group sort_all'><div class='av-magazine-hero first '><article class='av-magazine-entry av-magazine-entry-id-4030 av-magazine-format-standard av-magazine-type-post av-magazine-entry-1 av-magazine-entry-big '  itemscope=\"itemscope\" itemtype=\"https:\/\/schema.org\/CreativeWork\" ><div class=\"av-magazine-thumbnail\"><a href='https:\/\/pekkapirkkala.fi\/index.php\/2025\/04\/05\/4030\/' title='Link to: Vuosaaren pohjoisella ostokeskuksella vaality\u00f6ss\u00e4' class='av-magazine-thumbnail-link'><img decoding=\"async\" fetchpriority=\"high\" width=\"710\" height=\"375\" src=\"https:\/\/pekkapirkkala.fi\/wp-content\/uploads\/2025\/04\/vanhaostari_2025-710x375.jpeg\" class=\"wp-image-4031 avia-img-lazy-loading-not-4031 attachment-magazine size-magazine wp-post-image\" alt=\"\" \/><\/a><\/div><div class=\"av-magazine-content-wrap\"><header class=\"entry-content-header\" aria-label=\"Post: Vuosaaren pohjoisella ostokeskuksella vaality\u00f6ss\u00e4\"><time class='av-magazine-time updated'  itemprop=\"datePublished\" datetime=\"2025-04-05T12:28:49+00:00\" >April 5, 2025<\/time><h3 class='av-magazine-title entry-title '  itemprop=\"headline\" ><a href='https:\/\/pekkapirkkala.fi\/index.php\/2025\/04\/05\/4030\/' title='Link to: Vuosaaren pohjoisella ostokeskuksella vaality\u00f6ss\u00e4'>Vuosaaren pohjoisella ostokeskuksella vaality\u00f6ss\u00e4<\/a><\/h3><\/header><\/div><footer class=\"entry-footer\"><\/footer><\/article><\/div><div class='av-magazine-sideshow '><article class='av-magazine-entry av-magazine-entry-id-4022 av-magazine-format-standard av-magazine-type-post av-magazine-entry-2 av-magazine-entry-small '  itemscope=\"itemscope\" itemtype=\"https:\/\/schema.org\/CreativeWork\" ><div class=\"av-magazine-thumbnail\"><a href='https:\/\/pekkapirkkala.fi\/index.php\/2025\/04\/05\/4022\/' title='Link to: Vuosaaren Rotary-klubi t\u00e4ytti 40 vuotta' class='av-magazine-thumbnail-link'><img decoding=\"async\" fetchpriority=\"high\" width=\"80\" height=\"80\" src=\"https:\/\/pekkapirkkala.fi\/wp-content\/uploads\/2025\/04\/rotary_40_vuotta_rantapuisto-80x80.jpeg\" class=\"wp-image-4023 avia-img-lazy-loading-not-4023 attachment-thumbnail size-thumbnail wp-post-image\" alt=\"\" srcset=\"https:\/\/pekkapirkkala.fi\/wp-content\/uploads\/2025\/04\/rotary_40_vuotta_rantapuisto-80x80.jpeg 80w, https:\/\/pekkapirkkala.fi\/wp-content\/uploads\/2025\/04\/rotary_40_vuotta_rantapuisto-36x36.jpeg 36w, https:\/\/pekkapirkkala.fi\/wp-content\/uploads\/2025\/04\/rotary_40_vuotta_rantapuisto-180x180.jpeg 180w\" sizes=\"(max-width: 80px) 100vw, 80px\" \/><\/a><\/div><div class=\"av-magazine-content-wrap\"><header class=\"entry-content-header\" aria-label=\"Post: Vuosaaren Rotary-klubi t\u00e4ytti 40 vuotta\"><time class='av-magazine-time updated'  itemprop=\"datePublished\" datetime=\"2025-04-05T12:20:22+00:00\" >April 5, 2025<\/time><h3 class='av-magazine-title entry-title '  itemprop=\"headline\" ><a href='https:\/\/pekkapirkkala.fi\/index.php\/2025\/04\/05\/4022\/' title='Link to: Vuosaaren Rotary-klubi t\u00e4ytti 40 vuotta'>Vuosaaren Rotary-klubi t\u00e4ytti 40 vuotta<\/a><\/h3><\/header><\/div><footer class=\"entry-footer\"><\/footer><\/article><article class='av-magazine-entry av-magazine-entry-id-4005 av-magazine-format-standard av-magazine-type-post av-magazine-entry-3 av-magazine-entry-small '  itemscope=\"itemscope\" itemtype=\"https:\/\/schema.org\/CreativeWork\" ><div class=\"av-magazine-thumbnail\"><a href='https:\/\/pekkapirkkala.fi\/index.php\/2025\/04\/05\/elinvoimaa-ita-helsinkiin-seminaari\/' title='Link to: Elinvoimaa It\u00e4-Helsinkiin seminaari' class='av-magazine-thumbnail-link'><img decoding=\"async\" fetchpriority=\"high\" width=\"80\" height=\"80\" src=\"https:\/\/pekkapirkkala.fi\/wp-content\/uploads\/2025\/04\/elinvoimaa_itahelsinkiin-80x80.jpeg\" class=\"wp-image-4006 avia-img-lazy-loading-not-4006 attachment-thumbnail size-thumbnail wp-post-image\" alt=\"\" srcset=\"https:\/\/pekkapirkkala.fi\/wp-content\/uploads\/2025\/04\/elinvoimaa_itahelsinkiin-80x80.jpeg 80w, https:\/\/pekkapirkkala.fi\/wp-content\/uploads\/2025\/04\/elinvoimaa_itahelsinkiin-36x36.jpeg 36w, https:\/\/pekkapirkkala.fi\/wp-content\/uploads\/2025\/04\/elinvoimaa_itahelsinkiin-180x180.jpeg 180w\" sizes=\"(max-width: 80px) 100vw, 80px\" \/><\/a><\/div><div class=\"av-magazine-content-wrap\"><header class=\"entry-content-header\" aria-label=\"Post: Elinvoimaa It\u00e4-Helsinkiin seminaari\"><time class='av-magazine-time updated'  itemprop=\"datePublished\" datetime=\"2025-04-05T12:03:17+00:00\" >April 5, 2025<\/time><h3 class='av-magazine-title entry-title '  itemprop=\"headline\" ><a href='https:\/\/pekkapirkkala.fi\/index.php\/2025\/04\/05\/elinvoimaa-ita-helsinkiin-seminaari\/' title='Link to: Elinvoimaa It\u00e4-Helsinkiin seminaari'>Elinvoimaa It\u00e4-Helsinkiin seminaari<\/a><\/h3><\/header><\/div><footer class=\"entry-footer\"><\/footer><\/article><\/div><\/div><\/div><\/div>\n\n<style type=\"text\/css\" data-created_by=\"avia_inline_auto\" id=\"style-css-av-av_one_half-0aa7055fe62c3622faec82866afbaeb2\">\n.flex_column.av-av_one_half-0aa7055fe62c3622faec82866afbaeb2{\nborder-radius:0px 0px 0px 0px;\npadding:0px 0px 0px 0px;\n}\n<\/style>\n<div  class='flex_column av-av_one_half-0aa7055fe62c3622faec82866afbaeb2 av_one_half  avia-builder-el-7  el_after_av_one_half  avia-builder-el-last  flex_column_div av-zero-column-padding  '     ><\/div>\n","protected":false},"excerpt":{"rendered":"","protected":false},"author":2,"featured_media":0,"parent":606,"menu_order":0,"comment_status":"closed","ping_status":"closed","template":"","meta":{"footnotes":""},"class_list":["post-1337","page","type-page","status-publish","hentry"],"_links":{"self":[{"href":"https:\/\/pekkapirkkala.fi\/index.php\/wp-json\/wp\/v2\/pages\/1337","targetHints":{"allow":["GET"]}}],"collection":[{"href":"https:\/\/pekkapirkkala.fi\/index.php\/wp-json\/wp\/v2\/pages"}],"about":[{"href":"https:\/\/pekkapirkkala.fi\/index.php\/wp-json\/wp\/v2\/types\/page"}],"author":[{"embeddable":true,"href":"https:\/\/pekkapirkkala.fi\/index.php\/wp-json\/wp\/v2\/users\/2"}],"replies":[{"embeddable":true,"href":"https:\/\/pekkapirkkala.fi\/index.php\/wp-json\/wp\/v2\/comments?post=1337"}],"version-history":[{"count":0,"href":"https:\/\/pekkapirkkala.fi\/index.php\/wp-json\/wp\/v2\/pages\/1337\/revisions"}],"up":[{"embeddable":true,"href":"https:\/\/pekkapirkkala.fi\/index.php\/wp-json\/wp\/v2\/pages\/606"}],"wp:attachment":[{"href":"https:\/\/pekkapirkkala.fi\/index.php\/wp-json\/wp\/v2\/media?parent=1337"}],"curies":[{"name":"wp","href":"https:\/\/api.w.org\/{rel}","templated":true}]}}