{"id":1028,"date":"2017-02-09T13:31:17","date_gmt":"2017-02-09T13:31:17","guid":{"rendered":"http:\/\/test.kriesi.at\/enfold-2017\/?page_id=1028"},"modified":"2017-02-09T13:31:17","modified_gmt":"2017-02-09T13:31:17","slug":"blog-default","status":"publish","type":"page","link":"https:\/\/pekkapirkkala.fi\/index.php\/blog-2\/blog-default\/","title":{"rendered":"Blog Classic Grid"},"content":{"rendered":"\n<style type=\"text\/css\" data-created_by=\"avia_inline_auto\" id=\"style-css-av-av_section-14f374ac8ad463de9f1709f106e3d115\">\n.avia-section.av-av_section-14f374ac8ad463de9f1709f106e3d115{\nbackground-repeat:no-repeat;\nbackground-image:url(https:\/\/pekkapirkkala.fi\/wp-content\/uploads\/2017\/02\/banner-news-alt.jpg);\nbackground-position:50% 0%;\nbackground-attachment:scroll;\n}\n.avia-section.av-av_section-14f374ac8ad463de9f1709f106e3d115 .av-section-color-overlay{\nopacity:0.6;\nbackground-color:#000000;\n}\n<\/style>\n<div id='av_section_1'  class='avia-section av-av_section-14f374ac8ad463de9f1709f106e3d115 main_color avia-section-huge avia-no-shadow  avia-builder-el-0  el_before_av_blog  avia-builder-el-first  avia-full-stretch avia-bg-style-scroll av-section-color-overlay-active container_wrap sidebar_right'  data-section-bg-repeat='stretch'><div class=\"av-section-color-overlay-wrap\"><div class=\"av-section-color-overlay\"><\/div><div class='container av-section-cont-open' ><main  role=\"main\" itemprop=\"mainContentOfPage\"  class='template-page content  av-content-small alpha units'><div class='post-entry post-entry-type-page post-entry-1028'><div class='entry-content-wrapper clearfix'>\n\n<style type=\"text\/css\" data-created_by=\"avia_inline_auto\" id=\"style-css-av-av_heading-45abe982ea7660873fee8fec237afbed\">\n#top .av-special-heading.av-av_heading-45abe982ea7660873fee8fec237afbed{\npadding-bottom:0;\ncolor:#ffffff;\nfont-size:40px;\n}\nbody .av-special-heading.av-av_heading-45abe982ea7660873fee8fec237afbed .av-special-heading-tag .heading-char{\nfont-size:25px;\n}\n#top #wrap_all .av-special-heading.av-av_heading-45abe982ea7660873fee8fec237afbed .av-special-heading-tag{\nfont-size:40px;\n}\n.av-special-heading.av-av_heading-45abe982ea7660873fee8fec237afbed .special-heading-inner-border{\nborder-color:#ffffff;\n}\n.av-special-heading.av-av_heading-45abe982ea7660873fee8fec237afbed .av-subheading{\nfont-size:15px;\n}\n\n@media only screen and (min-width: 480px) and (max-width: 767px){ \n#top #wrap_all .av-special-heading.av-av_heading-45abe982ea7660873fee8fec237afbed .av-special-heading-tag{\nfont-size:0.8em;\n}\n}\n\n@media only screen and (max-width: 479px){ \n#top #wrap_all .av-special-heading.av-av_heading-45abe982ea7660873fee8fec237afbed .av-special-heading-tag{\nfont-size:0.8em;\n}\n}\n<\/style>\n<div  class='av-special-heading av-av_heading-45abe982ea7660873fee8fec237afbed av-special-heading-h1 custom-color-heading blockquote modern-quote modern-centered  avia-builder-el-1  el_before_av_hr  avia-builder-el-first  av-inherit-size'><h1 class='av-special-heading-tag '  itemprop=\"headline\"  >Latest News<br \/>\nEverything thats going on at Enfold is collected here<\/h1><div class=\"special-heading-border\"><div class=\"special-heading-inner-border\"><\/div><\/div><\/div>\n\n<style type=\"text\/css\" data-created_by=\"avia_inline_auto\" id=\"style-css-av-av_hr-b2059212a51ab585ad9a71b29ea24fab\">\n#top .hr.av-av_hr-b2059212a51ab585ad9a71b29ea24fab{\nmargin-top:30px;\nmargin-bottom:30px;\n}\n.hr.av-av_hr-b2059212a51ab585ad9a71b29ea24fab .hr-inner{\nwidth:50px;\nborder-color:#ffffff;\n}\n<\/style>\n<div  class='hr av-av_hr-b2059212a51ab585ad9a71b29ea24fab hr-custom  avia-builder-el-2  el_after_av_heading  el_before_av_textblock  hr-center hr-icon-no'><span class='hr-inner inner-border-av-border-fat'><span class=\"hr-inner-style\"><\/span><\/span><\/div>\n\n<style type=\"text\/css\" data-created_by=\"avia_inline_auto\" id=\"style-css-av-av_textblock-593fb5e4691923f2fdad16bd65c46b75\">\n#top .av_textblock_section.av-av_textblock-593fb5e4691923f2fdad16bd65c46b75 .avia_textblock{\ncolor:#dddddd;\n}\n<\/style>\n<section  class='av_textblock_section av-av_textblock-593fb5e4691923f2fdad16bd65c46b75 '   itemscope=\"itemscope\" itemtype=\"https:\/\/schema.org\/CreativeWork\" ><div class='avia_textblock av_inherit_color'  itemprop=\"text\" ><p style=\"text-align: center;\">Hey there! We are Enfold and we make really beautiful and amazing stuff.<br \/>\nThis can be used to describe what you do, how you do it, &amp; who you do it for.<\/p>\n<\/div><\/section>\n<\/div><\/div><\/main><!-- close content main element --><\/div><\/div><\/div><div id='after_section_1'  class='main_color av_default_container_wrap container_wrap sidebar_right'  ><div class='container av-section-cont-open' ><div class='template-page content  av-content-small alpha units'><div class='post-entry post-entry-type-page post-entry-1028'><div class='entry-content-wrapper clearfix'>\n<div  data-slideshow-options=\"{&quot;animation&quot;:&quot;fade&quot;,&quot;autoplay&quot;:false,&quot;loop_autoplay&quot;:&quot;once&quot;,&quot;interval&quot;:5,&quot;loop_manual&quot;:&quot;manual-endless&quot;,&quot;autoplay_stopper&quot;:false,&quot;noNavigation&quot;:false,&quot;show_slide_delay&quot;:90}\" class='avia-content-slider avia-content-grid-active avia-content-slider1 avia-content-slider-odd  avia-builder-el-4  el_after_av_section  avia-builder-el-no-sibling  av-slideshow-ui av-control-default   av-no-slider-navigation av-slideshow-manual av-loop-once av-loop-manual-endless '  itemscope=\"itemscope\" itemtype=\"https:\/\/schema.org\/Blog\" ><div class=\"avia-content-slider-inner\"><div class=\"slide-entry-wrap\"><article class='slide-entry flex_column  post-entry post-entry-4030 slide-entry-overview slide-loop-1 slide-parity-odd  av_one_third first real-thumbnail posttype-post post-format-standard'  itemscope=\"itemscope\" itemtype=\"https:\/\/schema.org\/CreativeWork\" ><a href='https:\/\/pekkapirkkala.fi\/index.php\/2025\/04\/05\/4030\/' data-rel='slide-1' class='slide-image' title='Vuosaaren pohjoisella ostokeskuksella vaality\u00f6ss\u00e4'><img decoding=\"async\" fetchpriority=\"high\" width=\"495\" height=\"400\" src=\"https:\/\/pekkapirkkala.fi\/wp-content\/uploads\/2025\/04\/vanhaostari_2025-495x400.jpeg\" class=\"wp-image-4031 avia-img-lazy-loading-not-4031 attachment-portfolio size-portfolio wp-post-image\" alt=\"\" \/><\/a><div class=\"slide-content\"><header class=\"entry-content-header\" aria-label=\"Slide: Vuosaaren pohjoisella ostokeskuksella vaality\u00f6ss\u00e4\"><h3 class='slide-entry-title entry-title '  itemprop=\"headline\" ><a href='https:\/\/pekkapirkkala.fi\/index.php\/2025\/04\/05\/4030\/' title='Vuosaaren pohjoisella ostokeskuksella vaality\u00f6ss\u00e4'>Vuosaaren pohjoisella ostokeskuksella vaality\u00f6ss\u00e4<\/a><\/h3><span class=\"av-vertical-delimiter\"><\/span><\/header><div class=\"slide-meta\"><time class='slide-meta-time updated'  itemprop=\"datePublished\" datetime=\"2025-04-05T12:28:49+00:00\" >April 5, 2025<\/time><div class=\"slide-meta-del\">\/<\/div><div class=\"slide-meta-comments\"><a href='https:\/\/pekkapirkkala.fi\/index.php\/2025\/04\/05\/4030\/#respond'>0 Comments<\/a><\/div><\/div><div class='slide-entry-excerpt entry-content'  itemprop=\"text\" >\n\n\n\n<\/div><\/div><footer class=\"entry-footer\"><\/footer><span class='hidden'>\n\t\t\t\t<span class='av-structured-data'  itemprop=\"image\" itemscope=\"itemscope\" itemtype=\"https:\/\/schema.org\/ImageObject\" >\n\t\t\t\t\t\t<span itemprop='url'>https:\/\/pekkapirkkala.fi\/wp-content\/uploads\/2025\/04\/vanhaostari_2025.jpeg<\/span>\n\t\t\t\t\t\t<span itemprop='height'>1000<\/span>\n\t\t\t\t\t\t<span itemprop='width'>736<\/span>\n\t\t\t\t<\/span>\n\t\t\t\t<span class='av-structured-data'  itemprop=\"publisher\" itemtype=\"https:\/\/schema.org\/Organization\" itemscope=\"itemscope\" >\n\t\t\t\t\t\t<span itemprop='name'>pekka.pirkkala@brutoff.fi<\/span>\n\t\t\t\t\t\t<span itemprop='logo' itemscope itemtype='https:\/\/schema.org\/ImageObject'>\n\t\t\t\t\t\t\t<span itemprop='url'>https:\/\/pekkapirkkala.fi\/wp-content\/uploads\/2024\/10\/logo-pekka-pirkkala-450-f-300x41.png<\/span>\n\t\t\t\t\t\t<\/span>\n\t\t\t\t<\/span><span class='av-structured-data'  itemprop=\"author\" itemscope=\"itemscope\" itemtype=\"https:\/\/schema.org\/Person\" ><span itemprop='name'>pekka.pirkkala@brutoff.fi<\/span><\/span><span class='av-structured-data'  itemprop=\"datePublished\" datetime=\"2017-02-09T13:31:17+00:00\" >2025-04-05 12:28:49<\/span><span class='av-structured-data'  itemprop=\"dateModified\" itemtype=\"https:\/\/schema.org\/dateModified\" >2025-04-05 13:12:40<\/span><span class='av-structured-data'  itemprop=\"mainEntityOfPage\" itemtype=\"https:\/\/schema.org\/mainEntityOfPage\" ><span itemprop='name'>Vuosaaren pohjoisella ostokeskuksella vaality\u00f6ss\u00e4<\/span><\/span><\/span><\/article><article class='slide-entry flex_column  post-entry post-entry-4022 slide-entry-overview slide-loop-2 slide-parity-even  av_one_third  real-thumbnail posttype-post post-format-standard'  itemscope=\"itemscope\" itemtype=\"https:\/\/schema.org\/CreativeWork\" ><a href='https:\/\/pekkapirkkala.fi\/index.php\/2025\/04\/05\/4022\/' data-rel='slide-1' class='slide-image' title='Vuosaaren Rotary-klubi t\u00e4ytti 40 vuotta'><img decoding=\"async\" fetchpriority=\"high\" width=\"495\" height=\"400\" src=\"https:\/\/pekkapirkkala.fi\/wp-content\/uploads\/2025\/04\/rotary_40_vuotta_rantapuisto-495x400.jpeg\" class=\"wp-image-4023 avia-img-lazy-loading-not-4023 attachment-portfolio size-portfolio wp-post-image\" alt=\"\" srcset=\"https:\/\/pekkapirkkala.fi\/wp-content\/uploads\/2025\/04\/rotary_40_vuotta_rantapuisto-495x400.jpeg 495w, https:\/\/pekkapirkkala.fi\/wp-content\/uploads\/2025\/04\/rotary_40_vuotta_rantapuisto-845x684.jpeg 845w\" sizes=\"(max-width: 495px) 100vw, 495px\" \/><\/a><div class=\"slide-content\"><header class=\"entry-content-header\" aria-label=\"Slide: Vuosaaren Rotary-klubi t\u00e4ytti 40 vuotta\"><h3 class='slide-entry-title entry-title '  itemprop=\"headline\" ><a href='https:\/\/pekkapirkkala.fi\/index.php\/2025\/04\/05\/4022\/' title='Vuosaaren Rotary-klubi t\u00e4ytti 40 vuotta'>Vuosaaren Rotary-klubi t\u00e4ytti 40 vuotta<\/a><\/h3><span class=\"av-vertical-delimiter\"><\/span><\/header><div class=\"slide-meta\"><time class='slide-meta-time updated'  itemprop=\"datePublished\" datetime=\"2025-04-05T12:20:22+00:00\" >April 5, 2025<\/time><div class=\"slide-meta-del\">\/<\/div><div class=\"slide-meta-comments\"><a href='https:\/\/pekkapirkkala.fi\/index.php\/2025\/04\/05\/4022\/#respond'>0 Comments<\/a><\/div><\/div><div class='slide-entry-excerpt entry-content'  itemprop=\"text\" >\n\n<\/div><\/div><footer class=\"entry-footer\"><\/footer><span class='hidden'>\n\t\t\t\t<span class='av-structured-data'  itemprop=\"image\" itemscope=\"itemscope\" itemtype=\"https:\/\/schema.org\/ImageObject\" >\n\t\t\t\t\t\t<span itemprop='url'>https:\/\/pekkapirkkala.fi\/wp-content\/uploads\/2025\/04\/rotary_40_vuotta_rantapuisto.jpeg<\/span>\n\t\t\t\t\t\t<span itemprop='height'>1412<\/span>\n\t\t\t\t\t\t<span itemprop='width'>1060<\/span>\n\t\t\t\t<\/span>\n\t\t\t\t<span class='av-structured-data'  itemprop=\"publisher\" itemtype=\"https:\/\/schema.org\/Organization\" itemscope=\"itemscope\" >\n\t\t\t\t\t\t<span itemprop='name'>pekka.pirkkala@brutoff.fi<\/span>\n\t\t\t\t\t\t<span itemprop='logo' itemscope itemtype='https:\/\/schema.org\/ImageObject'>\n\t\t\t\t\t\t\t<span itemprop='url'>https:\/\/pekkapirkkala.fi\/wp-content\/uploads\/2024\/10\/logo-pekka-pirkkala-450-f-300x41.png<\/span>\n\t\t\t\t\t\t<\/span>\n\t\t\t\t<\/span><span class='av-structured-data'  itemprop=\"author\" itemscope=\"itemscope\" itemtype=\"https:\/\/schema.org\/Person\" ><span itemprop='name'>pekka.pirkkala@brutoff.fi<\/span><\/span><span class='av-structured-data'  itemprop=\"datePublished\" datetime=\"2017-02-09T13:31:17+00:00\" >2025-04-05 12:20:22<\/span><span class='av-structured-data'  itemprop=\"dateModified\" itemtype=\"https:\/\/schema.org\/dateModified\" >2025-04-05 13:10:51<\/span><span class='av-structured-data'  itemprop=\"mainEntityOfPage\" itemtype=\"https:\/\/schema.org\/mainEntityOfPage\" ><span itemprop='name'>Vuosaaren Rotary-klubi t\u00e4ytti 40 vuotta<\/span><\/span><\/span><\/article><article class='slide-entry flex_column  post-entry post-entry-4005 slide-entry-overview slide-loop-3 slide-parity-odd  post-entry-last  av_one_third  real-thumbnail posttype-post post-format-standard'  itemscope=\"itemscope\" itemtype=\"https:\/\/schema.org\/CreativeWork\" ><a href='https:\/\/pekkapirkkala.fi\/index.php\/2025\/04\/05\/elinvoimaa-ita-helsinkiin-seminaari\/' data-rel='slide-1' class='slide-image' title='Elinvoimaa It\u00e4-Helsinkiin seminaari'><img decoding=\"async\" fetchpriority=\"high\" width=\"495\" height=\"400\" src=\"https:\/\/pekkapirkkala.fi\/wp-content\/uploads\/2025\/04\/elinvoimaa_itahelsinkiin-495x400.jpeg\" class=\"wp-image-4006 avia-img-lazy-loading-not-4006 attachment-portfolio size-portfolio wp-post-image\" alt=\"\" srcset=\"https:\/\/pekkapirkkala.fi\/wp-content\/uploads\/2025\/04\/elinvoimaa_itahelsinkiin-495x400.jpeg 495w, https:\/\/pekkapirkkala.fi\/wp-content\/uploads\/2025\/04\/elinvoimaa_itahelsinkiin-845x684.jpeg 845w\" sizes=\"(max-width: 495px) 100vw, 495px\" \/><\/a><div class=\"slide-content\"><header class=\"entry-content-header\" aria-label=\"Slide: Elinvoimaa It\u00e4-Helsinkiin seminaari\"><h3 class='slide-entry-title entry-title '  itemprop=\"headline\" ><a href='https:\/\/pekkapirkkala.fi\/index.php\/2025\/04\/05\/elinvoimaa-ita-helsinkiin-seminaari\/' title='Elinvoimaa It\u00e4-Helsinkiin seminaari'>Elinvoimaa It\u00e4-Helsinkiin seminaari<\/a><\/h3><span class=\"av-vertical-delimiter\"><\/span><\/header><div class=\"slide-meta\"><time class='slide-meta-time updated'  itemprop=\"datePublished\" datetime=\"2025-04-05T12:03:17+00:00\" >April 5, 2025<\/time><div class=\"slide-meta-del\">\/<\/div><div class=\"slide-meta-comments\"><a href='https:\/\/pekkapirkkala.fi\/index.php\/2025\/04\/05\/elinvoimaa-ita-helsinkiin-seminaari\/#respond'>0 Comments<\/a><\/div><\/div><div class='slide-entry-excerpt entry-content'  itemprop=\"text\" >\n\n<\/div><\/div><footer class=\"entry-footer\"><\/footer><span class='hidden'>\n\t\t\t\t<span class='av-structured-data'  itemprop=\"image\" itemscope=\"itemscope\" itemtype=\"https:\/\/schema.org\/ImageObject\" >\n\t\t\t\t\t\t<span itemprop='url'>https:\/\/pekkapirkkala.fi\/wp-content\/uploads\/2025\/04\/elinvoimaa_itahelsinkiin.jpeg<\/span>\n\t\t\t\t\t\t<span itemprop='height'>1600<\/span>\n\t\t\t\t\t\t<span itemprop='width'>1200<\/span>\n\t\t\t\t<\/span>\n\t\t\t\t<span class='av-structured-data'  itemprop=\"publisher\" itemtype=\"https:\/\/schema.org\/Organization\" itemscope=\"itemscope\" >\n\t\t\t\t\t\t<span itemprop='name'>pekka.pirkkala@brutoff.fi<\/span>\n\t\t\t\t\t\t<span itemprop='logo' itemscope itemtype='https:\/\/schema.org\/ImageObject'>\n\t\t\t\t\t\t\t<span itemprop='url'>https:\/\/pekkapirkkala.fi\/wp-content\/uploads\/2024\/10\/logo-pekka-pirkkala-450-f-300x41.png<\/span>\n\t\t\t\t\t\t<\/span>\n\t\t\t\t<\/span><span class='av-structured-data'  itemprop=\"author\" itemscope=\"itemscope\" itemtype=\"https:\/\/schema.org\/Person\" ><span itemprop='name'>pekka.pirkkala@brutoff.fi<\/span><\/span><span class='av-structured-data'  itemprop=\"datePublished\" datetime=\"2017-02-09T13:31:17+00:00\" >2025-04-05 12:03:17<\/span><span class='av-structured-data'  itemprop=\"dateModified\" itemtype=\"https:\/\/schema.org\/dateModified\" >2025-04-05 13:09:06<\/span><span class='av-structured-data'  itemprop=\"mainEntityOfPage\" itemtype=\"https:\/\/schema.org\/mainEntityOfPage\" ><span itemprop='name'>Elinvoimaa It\u00e4-Helsinkiin seminaari<\/span><\/span><\/span><\/article><\/div><\/div><\/div>\n","protected":false},"excerpt":{"rendered":"","protected":false},"author":2,"featured_media":0,"parent":600,"menu_order":0,"comment_status":"closed","ping_status":"closed","template":"","meta":{"footnotes":""},"class_list":["post-1028","page","type-page","status-publish","hentry"],"_links":{"self":[{"href":"https:\/\/pekkapirkkala.fi\/index.php\/wp-json\/wp\/v2\/pages\/1028","targetHints":{"allow":["GET"]}}],"collection":[{"href":"https:\/\/pekkapirkkala.fi\/index.php\/wp-json\/wp\/v2\/pages"}],"about":[{"href":"https:\/\/pekkapirkkala.fi\/index.php\/wp-json\/wp\/v2\/types\/page"}],"author":[{"embeddable":true,"href":"https:\/\/pekkapirkkala.fi\/index.php\/wp-json\/wp\/v2\/users\/2"}],"replies":[{"embeddable":true,"href":"https:\/\/pekkapirkkala.fi\/index.php\/wp-json\/wp\/v2\/comments?post=1028"}],"version-history":[{"count":0,"href":"https:\/\/pekkapirkkala.fi\/index.php\/wp-json\/wp\/v2\/pages\/1028\/revisions"}],"up":[{"embeddable":true,"href":"https:\/\/pekkapirkkala.fi\/index.php\/wp-json\/wp\/v2\/pages\/600"}],"wp:attachment":[{"href":"https:\/\/pekkapirkkala.fi\/index.php\/wp-json\/wp\/v2\/media?parent=1028"}],"curies":[{"name":"wp","href":"https:\/\/api.w.org\/{rel}","templated":true}]}}