{"id":1010,"date":"2013-04-03T16:05:52","date_gmt":"2013-04-03T16:05:52","guid":{"rendered":"http:\/\/www.kriesi.at\/themes\/enfold\/?page_id=1010"},"modified":"2025-04-05T12:40:55","modified_gmt":"2025-04-05T12:40:55","slug":"blog-multi-author","status":"publish","type":"page","link":"https:\/\/pekkapirkkala.fi\/index.php\/blog\/blog-multi-author\/","title":{"rendered":"Ajankohtaista"},"content":{"rendered":"<div  data-slideshow-options=\"{&quot;animation&quot;:&quot;fade&quot;,&quot;autoplay&quot;:false,&quot;loop_autoplay&quot;:&quot;once&quot;,&quot;interval&quot;:5,&quot;loop_manual&quot;:&quot;manual-endless&quot;,&quot;autoplay_stopper&quot;:false,&quot;noNavigation&quot;:false,&quot;show_slide_delay&quot;:90}\" class='avia-content-slider avia-content-grid-active avia-content-slider1 avia-content-slider-odd  avia-builder-el-0  avia-builder-el-no-sibling  av-slideshow-ui av-control-default   av-no-slider-navigation av-slideshow-manual av-loop-once av-loop-manual-endless '  itemscope=\"itemscope\" itemtype=\"https:\/\/schema.org\/Blog\" ><div class=\"avia-content-slider-inner\"><div class=\"slide-entry-wrap\"><article class='slide-entry flex_column  post-entry post-entry-4030 slide-entry-overview slide-loop-1 slide-parity-odd  av_one_third first real-thumbnail posttype-post post-format-standard'  itemscope=\"itemscope\" itemtype=\"https:\/\/schema.org\/CreativeWork\" ><a href='https:\/\/pekkapirkkala.fi\/index.php\/2025\/04\/05\/4030\/' data-rel='slide-1' class='slide-image' title='Vuosaaren pohjoisella ostokeskuksella vaality\u00f6ss\u00e4'><img decoding=\"async\" fetchpriority=\"high\" width=\"495\" height=\"400\" src=\"https:\/\/pekkapirkkala.fi\/wp-content\/uploads\/2025\/04\/vanhaostari_2025-495x400.jpeg\" class=\"wp-image-4031 avia-img-lazy-loading-not-4031 attachment-portfolio size-portfolio wp-post-image\" alt=\"\" \/><\/a><div class=\"slide-content\"><header class=\"entry-content-header\" aria-label=\"Slide: Vuosaaren pohjoisella ostokeskuksella vaality\u00f6ss\u00e4\"><h3 class='slide-entry-title entry-title '  itemprop=\"headline\" ><a href='https:\/\/pekkapirkkala.fi\/index.php\/2025\/04\/05\/4030\/' title='Vuosaaren pohjoisella ostokeskuksella vaality\u00f6ss\u00e4'>Vuosaaren pohjoisella ostokeskuksella vaality\u00f6ss\u00e4<\/a><\/h3><span class=\"av-vertical-delimiter\"><\/span><\/header><\/div><footer class=\"entry-footer\"><\/footer><span class='hidden'>\n\t\t\t\t<span class='av-structured-data'  itemprop=\"image\" itemscope=\"itemscope\" itemtype=\"https:\/\/schema.org\/ImageObject\" >\n\t\t\t\t\t\t<span itemprop='url'>https:\/\/pekkapirkkala.fi\/wp-content\/uploads\/2025\/04\/vanhaostari_2025.jpeg<\/span>\n\t\t\t\t\t\t<span itemprop='height'>1000<\/span>\n\t\t\t\t\t\t<span itemprop='width'>736<\/span>\n\t\t\t\t<\/span>\n\t\t\t\t<span class='av-structured-data'  itemprop=\"publisher\" itemtype=\"https:\/\/schema.org\/Organization\" itemscope=\"itemscope\" >\n\t\t\t\t\t\t<span itemprop='name'>pekka.pirkkala@brutoff.fi<\/span>\n\t\t\t\t\t\t<span itemprop='logo' itemscope itemtype='https:\/\/schema.org\/ImageObject'>\n\t\t\t\t\t\t\t<span itemprop='url'>https:\/\/pekkapirkkala.fi\/wp-content\/uploads\/2024\/10\/logo-pekka-pirkkala-450-f-300x41.png<\/span>\n\t\t\t\t\t\t<\/span>\n\t\t\t\t<\/span><span class='av-structured-data'  itemprop=\"author\" itemscope=\"itemscope\" itemtype=\"https:\/\/schema.org\/Person\" ><span itemprop='name'>pekka.pirkkala@brutoff.fi<\/span><\/span><span class='av-structured-data'  itemprop=\"datePublished\" datetime=\"2013-04-03T16:05:52+00:00\" >2025-04-05 12:28:49<\/span><span class='av-structured-data'  itemprop=\"dateModified\" itemtype=\"https:\/\/schema.org\/dateModified\" >2025-04-05 13:12:40<\/span><span class='av-structured-data'  itemprop=\"mainEntityOfPage\" itemtype=\"https:\/\/schema.org\/mainEntityOfPage\" ><span itemprop='name'>Vuosaaren pohjoisella ostokeskuksella vaality\u00f6ss\u00e4<\/span><\/span><\/span><\/article><article class='slide-entry flex_column  post-entry post-entry-4022 slide-entry-overview slide-loop-2 slide-parity-even  av_one_third  real-thumbnail posttype-post post-format-standard'  itemscope=\"itemscope\" itemtype=\"https:\/\/schema.org\/CreativeWork\" ><a href='https:\/\/pekkapirkkala.fi\/index.php\/2025\/04\/05\/4022\/' data-rel='slide-1' class='slide-image' title='Vuosaaren Rotary-klubi t\u00e4ytti 40 vuotta'><img decoding=\"async\" fetchpriority=\"high\" width=\"495\" height=\"400\" src=\"https:\/\/pekkapirkkala.fi\/wp-content\/uploads\/2025\/04\/rotary_40_vuotta_rantapuisto-495x400.jpeg\" class=\"wp-image-4023 avia-img-lazy-loading-not-4023 attachment-portfolio size-portfolio wp-post-image\" alt=\"\" srcset=\"https:\/\/pekkapirkkala.fi\/wp-content\/uploads\/2025\/04\/rotary_40_vuotta_rantapuisto-495x400.jpeg 495w, https:\/\/pekkapirkkala.fi\/wp-content\/uploads\/2025\/04\/rotary_40_vuotta_rantapuisto-845x684.jpeg 845w\" sizes=\"(max-width: 495px) 100vw, 495px\" \/><\/a><div class=\"slide-content\"><header class=\"entry-content-header\" aria-label=\"Slide: Vuosaaren Rotary-klubi t\u00e4ytti 40 vuotta\"><h3 class='slide-entry-title entry-title '  itemprop=\"headline\" ><a href='https:\/\/pekkapirkkala.fi\/index.php\/2025\/04\/05\/4022\/' title='Vuosaaren Rotary-klubi t\u00e4ytti 40 vuotta'>Vuosaaren Rotary-klubi t\u00e4ytti 40 vuotta<\/a><\/h3><span class=\"av-vertical-delimiter\"><\/span><\/header><\/div><footer class=\"entry-footer\"><\/footer><span class='hidden'>\n\t\t\t\t<span class='av-structured-data'  itemprop=\"image\" itemscope=\"itemscope\" itemtype=\"https:\/\/schema.org\/ImageObject\" >\n\t\t\t\t\t\t<span itemprop='url'>https:\/\/pekkapirkkala.fi\/wp-content\/uploads\/2025\/04\/rotary_40_vuotta_rantapuisto.jpeg<\/span>\n\t\t\t\t\t\t<span itemprop='height'>1412<\/span>\n\t\t\t\t\t\t<span itemprop='width'>1060<\/span>\n\t\t\t\t<\/span>\n\t\t\t\t<span class='av-structured-data'  itemprop=\"publisher\" itemtype=\"https:\/\/schema.org\/Organization\" itemscope=\"itemscope\" >\n\t\t\t\t\t\t<span itemprop='name'>pekka.pirkkala@brutoff.fi<\/span>\n\t\t\t\t\t\t<span itemprop='logo' itemscope itemtype='https:\/\/schema.org\/ImageObject'>\n\t\t\t\t\t\t\t<span itemprop='url'>https:\/\/pekkapirkkala.fi\/wp-content\/uploads\/2024\/10\/logo-pekka-pirkkala-450-f-300x41.png<\/span>\n\t\t\t\t\t\t<\/span>\n\t\t\t\t<\/span><span class='av-structured-data'  itemprop=\"author\" itemscope=\"itemscope\" itemtype=\"https:\/\/schema.org\/Person\" ><span itemprop='name'>pekka.pirkkala@brutoff.fi<\/span><\/span><span class='av-structured-data'  itemprop=\"datePublished\" datetime=\"2013-04-03T16:05:52+00:00\" >2025-04-05 12:20:22<\/span><span class='av-structured-data'  itemprop=\"dateModified\" itemtype=\"https:\/\/schema.org\/dateModified\" >2025-04-05 13:10:51<\/span><span class='av-structured-data'  itemprop=\"mainEntityOfPage\" itemtype=\"https:\/\/schema.org\/mainEntityOfPage\" ><span itemprop='name'>Vuosaaren Rotary-klubi t\u00e4ytti 40 vuotta<\/span><\/span><\/span><\/article><article class='slide-entry flex_column  post-entry post-entry-4005 slide-entry-overview slide-loop-3 slide-parity-odd  post-entry-last  av_one_third  real-thumbnail posttype-post post-format-standard'  itemscope=\"itemscope\" itemtype=\"https:\/\/schema.org\/CreativeWork\" ><a href='https:\/\/pekkapirkkala.fi\/index.php\/2025\/04\/05\/elinvoimaa-ita-helsinkiin-seminaari\/' data-rel='slide-1' class='slide-image' title='Elinvoimaa It\u00e4-Helsinkiin seminaari'><img decoding=\"async\" fetchpriority=\"high\" width=\"495\" height=\"400\" src=\"https:\/\/pekkapirkkala.fi\/wp-content\/uploads\/2025\/04\/elinvoimaa_itahelsinkiin-495x400.jpeg\" class=\"wp-image-4006 avia-img-lazy-loading-not-4006 attachment-portfolio size-portfolio wp-post-image\" alt=\"\" srcset=\"https:\/\/pekkapirkkala.fi\/wp-content\/uploads\/2025\/04\/elinvoimaa_itahelsinkiin-495x400.jpeg 495w, https:\/\/pekkapirkkala.fi\/wp-content\/uploads\/2025\/04\/elinvoimaa_itahelsinkiin-845x684.jpeg 845w\" sizes=\"(max-width: 495px) 100vw, 495px\" \/><\/a><div class=\"slide-content\"><header class=\"entry-content-header\" aria-label=\"Slide: Elinvoimaa It\u00e4-Helsinkiin seminaari\"><h3 class='slide-entry-title entry-title '  itemprop=\"headline\" ><a href='https:\/\/pekkapirkkala.fi\/index.php\/2025\/04\/05\/elinvoimaa-ita-helsinkiin-seminaari\/' title='Elinvoimaa It\u00e4-Helsinkiin seminaari'>Elinvoimaa It\u00e4-Helsinkiin seminaari<\/a><\/h3><span class=\"av-vertical-delimiter\"><\/span><\/header><\/div><footer class=\"entry-footer\"><\/footer><span class='hidden'>\n\t\t\t\t<span class='av-structured-data'  itemprop=\"image\" itemscope=\"itemscope\" itemtype=\"https:\/\/schema.org\/ImageObject\" >\n\t\t\t\t\t\t<span itemprop='url'>https:\/\/pekkapirkkala.fi\/wp-content\/uploads\/2025\/04\/elinvoimaa_itahelsinkiin.jpeg<\/span>\n\t\t\t\t\t\t<span itemprop='height'>1600<\/span>\n\t\t\t\t\t\t<span itemprop='width'>1200<\/span>\n\t\t\t\t<\/span>\n\t\t\t\t<span class='av-structured-data'  itemprop=\"publisher\" itemtype=\"https:\/\/schema.org\/Organization\" itemscope=\"itemscope\" >\n\t\t\t\t\t\t<span itemprop='name'>pekka.pirkkala@brutoff.fi<\/span>\n\t\t\t\t\t\t<span itemprop='logo' itemscope itemtype='https:\/\/schema.org\/ImageObject'>\n\t\t\t\t\t\t\t<span itemprop='url'>https:\/\/pekkapirkkala.fi\/wp-content\/uploads\/2024\/10\/logo-pekka-pirkkala-450-f-300x41.png<\/span>\n\t\t\t\t\t\t<\/span>\n\t\t\t\t<\/span><span class='av-structured-data'  itemprop=\"author\" itemscope=\"itemscope\" itemtype=\"https:\/\/schema.org\/Person\" ><span itemprop='name'>pekka.pirkkala@brutoff.fi<\/span><\/span><span class='av-structured-data'  itemprop=\"datePublished\" datetime=\"2013-04-03T16:05:52+00:00\" >2025-04-05 12:03:17<\/span><span class='av-structured-data'  itemprop=\"dateModified\" itemtype=\"https:\/\/schema.org\/dateModified\" >2025-04-05 13:09:06<\/span><span class='av-structured-data'  itemprop=\"mainEntityOfPage\" itemtype=\"https:\/\/schema.org\/mainEntityOfPage\" ><span itemprop='name'>Elinvoimaa It\u00e4-Helsinkiin seminaari<\/span><\/span><\/span><\/article><\/div><\/div><\/div>\n","protected":false},"excerpt":{"rendered":"","protected":false},"author":2,"featured_media":0,"parent":731,"menu_order":0,"comment_status":"open","ping_status":"open","template":"","meta":{"footnotes":""},"class_list":["post-1010","page","type-page","status-publish","hentry"],"_links":{"self":[{"href":"https:\/\/pekkapirkkala.fi\/index.php\/wp-json\/wp\/v2\/pages\/1010","targetHints":{"allow":["GET"]}}],"collection":[{"href":"https:\/\/pekkapirkkala.fi\/index.php\/wp-json\/wp\/v2\/pages"}],"about":[{"href":"https:\/\/pekkapirkkala.fi\/index.php\/wp-json\/wp\/v2\/types\/page"}],"author":[{"embeddable":true,"href":"https:\/\/pekkapirkkala.fi\/index.php\/wp-json\/wp\/v2\/users\/2"}],"replies":[{"embeddable":true,"href":"https:\/\/pekkapirkkala.fi\/index.php\/wp-json\/wp\/v2\/comments?post=1010"}],"version-history":[{"count":8,"href":"https:\/\/pekkapirkkala.fi\/index.php\/wp-json\/wp\/v2\/pages\/1010\/revisions"}],"predecessor-version":[{"id":4040,"href":"https:\/\/pekkapirkkala.fi\/index.php\/wp-json\/wp\/v2\/pages\/1010\/revisions\/4040"}],"up":[{"embeddable":true,"href":"https:\/\/pekkapirkkala.fi\/index.php\/wp-json\/wp\/v2\/pages\/731"}],"wp:attachment":[{"href":"https:\/\/pekkapirkkala.fi\/index.php\/wp-json\/wp\/v2\/media?parent=1010"}],"curies":[{"name":"wp","href":"https:\/\/api.w.org\/{rel}","templated":true}]}}